{"id":1594,"date":"2018-07-12T16:59:08","date_gmt":"2018-07-12T14:59:08","guid":{"rendered":"http:\/\/www.fugersfoodgroup.com\/datenschutzerklarung\/"},"modified":"2018-07-12T16:59:09","modified_gmt":"2018-07-12T14:59:09","slug":"datenschutzerklarung","status":"publish","type":"page","link":"https:\/\/www.fugersfoodgroup.com\/de\/datenschutzerklarung\/","title":{"rendered":"Datenschutzerkl\u00e4rung"},"content":{"rendered":"<section class=\"wpb-content-wrapper\"><p>[vc_row css=&#8220;.vc_custom_1527239751756{padding-top: 50px !important;padding-bottom: 50px !important;}&#8220;][vc_column][vc_column_text]Fugers Food Group B.V. mit Sitz in 7575 DB Oldenzaal, Hanzepoort 19, Niederlande, ist f\u00fcr die Verarbeitung personenbezogener Daten gem\u00e4\u00df dieser Datenschutzerkl\u00e4rung verantwortlich.<\/p>\n<p><strong>Kontaktdaten:<\/strong><br \/>\nFugers Food Group B.V.<br \/>\nHanzepoort 19<br \/>\n7575 DB Oldenzaal<br \/>\nNiederlande<br \/>\n<a href=\"http:\/\/www.fugersfoodgroup.com\">www.fugersfoodgroup.com<\/a><\/p>\n<h2>Die personenbezogenen Daten, die wir verarbeiten<\/h2>\n<p>Fugers Food Group B.V. erfasst personenbezogene Daten von Kunden (und deren Mitarbeitern), die Produkte oder Dienstleistungen von Fugers Food Group B.V. kaufen. und von Besuchern der Website. Nachstehend sind die personenbezogenen Daten aufgef\u00fchrt, die wir verarbeiten:<\/p>\n<ul>\n<li>Vor- und Nachname<\/li>\n<li>E-Mail-Adresse<\/li>\n<li>Adressdaten<\/li>\n<li>USt.-IdNr.<\/li>\n<\/ul>\n<h2>Besondere und\/oder sensible personengebundene Daten, die wir verarbeiten<\/h2>\n<p>Das Ziel unserer Website beziehungsweise Dienstleistung ist es nicht, Daten von Website-Besuchern zu erfassen, die j\u00fcnger als 16 Jahre sind. Es sei denn, sie haben die Erlaubnis der Eltern oder des Erziehungsberechtigten. Wir k\u00f6nnen jedoch nicht \u00fcberpr\u00fcfen, ob ein Besucher \u00e4lter als 16 Jahre ist. Daher empfehlen wir, dass Eltern sich an den Online-Aktivit\u00e4ten ihrer Kinder beteiligen, um zu verhindern, dass ohne die Zustimmung der Eltern Daten von ihren Kindern erfasst werden. Wenn Sie der Meinung sind, dass wir ohne diese Zustimmung personenbezogene Daten von einem Minderj\u00e4hrigen erfasst haben, kontaktieren Sie uns bitte unter info@fugersfoodgroup.com und wir werden diese Daten l\u00f6schen.<\/p>\n<h2>Zu welchem Zweck und auf welcher Grundlage wir personenbezogene Daten verarbeiten<\/h2>\n<p>Fugers Food Group B.V. verarbeitet Ihre personenbezogenen Daten f\u00fcr folgende Zwecke:<\/p>\n<ul>\n<li>Zusendung unserer Werbeprospekte<\/li>\n<li>Anruf oder E-Mail, wenn dies zur Erf\u00fcllung unserer Dienstleistung erforderlich ist<\/li>\n<\/ul>\n<h2>Automatisierte Entscheidung<\/h2>\n<p>Fugers Food Group B.V. trifft keine Entscheidungen auf der Grundlage einer automatisierten Verarbeitung in Angelegenheiten, die Konsequenzen f\u00fcr Personen haben k\u00f6nnten. Das sind Entscheidungen, die von Computerprogrammen oder -systemen getroffen werden, an denen keine Person, beispielsweise ein Mitarbeiter von Fugers Food Group B.V., beteiligt ist.<\/p>\n<h2>Wie lange wir personenbezogene Daten speichern<\/h2>\n<p>Fugers Food Group B.V. speichert Ihre personenbezogenen Daten nicht l\u00e4nger als unbedingt<br \/>\nzur Umsetzung der Ziele notwendig ist, f\u00fcr die wir Ihre Daten erfassen.<\/p>\n<p>Kontaktdaten, die f\u00fcr unsere Dienstleistungen verwendet wurden, werden nicht f\u00fcr eine<br \/>\nsp\u00e4tere Nutzung gespeichert. Ausgenommen hiervon sind die Daten, die wir aufgrund<br \/>\ngesetzlicher Vorgaben speichern m\u00fcssen.<\/p>\n<h2>Weitergabe personenbezogener Daten an Dritte<\/h2>\n<p>Fugers Food Group B.V. gibt personenbezogene Daten nur dann an Dritte weiter, wenn das<br \/>\nzur Erf\u00fcllung unseres Vertrags mit Ihnen oder zur Einhaltung gesetzlicher Verpflichtungen<br \/>\nerforderlich ist.<\/p>\n<h2>Cookies oder \u00e4hnliche Techniken, die wir verwenden<\/h2>\n<p>Fugers Food Group B.V. verwendet nur technische und funktionale Cookies sowie analytische<br \/>\nCookies, die Ihre Privatsph\u00e4re nicht verletzen. Ein Cookie ist eine kleine Textdatei, die auf<br \/>\nIhrem Computer, Tablet oder Smartphone abgelegt wird, wenn Sie diese Website zum ersten<br \/>\nMal besuchen. Die von uns verwendeten Cookies sind f\u00fcr den technischen Betrieb der<br \/>\nWebsite und deren Benutzerfreundlichkeit notwendig. Diese Cookies stellen sicher, dass die<br \/>\nWebsite ordnungsgem\u00e4\u00df funktioniert und speichern beispielsweise Ihre bevorzugten<br \/>\nEinstellungen. Au\u00dferdem erm\u00f6glichen sie uns die Optimierung unserer Website. Wenn Sie<br \/>\nkeine Cookies mehr annehmen m\u00f6chten, k\u00f6nnen Sie dazu \u00c4nderungen in Ihren Browser-<br \/>\nEinstellungen vornehmen.<\/p>\n<p>Dar\u00fcber hinaus k\u00f6nnen Sie alle Informationen l\u00f6schen, die zuvor \u00fcber Ihre Browser-<br \/>\nEinstellungen gespeichert wurden.<\/p>\n<h2>Einsichtnahme, Berichtigung oder L\u00f6schung von Daten<\/h2>\n<p>Sie haben das Recht, Ihre personenbezogenen Daten einzusehen, zu berichtigen oder zu<br \/>\nl\u00f6schen. Dar\u00fcber hinaus haben Sie das Recht, Ihre Zustimmung zur Datenverarbeitung zu<br \/>\nwiderrufen oder Widerspruch gegen die Verarbeitung Ihrer personenbezogenen Daten durch<br \/>\nFugers Food Group B.V. einzulegen und Sie haben das Recht auf Daten\u00fcbertragbarkeit. Das<br \/>\nbedeutet, dass Sie eine Anfrage an uns richten k\u00f6nnen, um Ihre personenbezogenen Daten,<br \/>\ndie wir in einer Computerdatei besitzen, an Sie oder eine andere von Ihnen genannte<br \/>\nOrganisation zu schicken. Sie k\u00f6nnen eine Anfrage auf Einsichtnahme, Berichtigung,<br \/>\nL\u00f6schung, Daten\u00fcbertragung Ihrer personenbezogenen Daten oder Widerruf Ihrer<br \/>\nZustimmung oder Widerspruch gegen die Verarbeitung Ihrer personenbezogenen Daten an<br \/>\n<a href=\"mailto:info@fugersfoodgroup.com\">info@fugersfoodgroup.com<\/a> senden. Um sicherzugehen, dass die Anfrage auf Einsichtnahme<br \/>\nvon Ihnen stammt, bitten wir Sie, Ihrer Anfrage eine Kopie Ihres Ausweises beizuf\u00fcgen. Auf<br \/>\ndieser Kopie schw\u00e4rzen Sie bitte Ihr Passfoto, die MRZ (maschinenlesbare Zone: die untere<br \/>\nZeile mit Nummern im Ausweis), die Ausweisnummer und die Sozialversicherungsnummer.<br \/>\nDas dient dem Datenschutz. Wir werden Ihre Anfrage so schnell wie m\u00f6glich, aber innerhalb<br \/>\nvon vier Wochen beantworten. Fugers Food Group B.V. m\u00f6chte Sie auch darauf hinweisen,<br \/>\ndass Sie die M\u00f6glichkeit haben, bei der nationalen Aufsichtsbeh\u00f6rde, in unserem Fall, der<br \/>\nniederl\u00e4ndischen Autoriteit Persoonsgegevens, eine Beschwerde einreichen k\u00f6nnen. Dies kann \u00fcber folgenden Link erfolgen: <a href=\"https:\/\/autoriteitpersoonsgegevens.nl\/nl\/contact-met-deautoriteit- persoonsgegevens\/tip-ons\">https:\/\/autoriteitpersoonsgegevens.nl\/nl\/contact-met-deautoriteit-<\/a><br \/>\npersoonsgegevens\/tip-ons.<\/p>\n<h2>Wie wir personenbezogene Daten sch\u00fctzen<\/h2>\n<p>Fugers Food Group B.V. nimmt den Schutz Ihrer Daten ernst und ergreift passende<br \/>\nMa\u00dfnahmen, um Missbrauch, Verlust, unbefugten Zugriff, unerw\u00fcnschte Offenlegung und<br \/>\nunerlaubte Ver\u00e4nderung zu verhindern. Unter anderem durch die Speicherung der<br \/>\npersonenbezogenen Daten auf sicheren Servern. Dar\u00fcber hinaus stellen wir sicher, dass nur<br \/>\ndie notwendigen Personen Zugang zu den Daten haben, dass der Zugriff auf die Daten<br \/>\ngesch\u00fctzt ist und und dass unsere Sicherheitsma\u00dfnahmen regelm\u00e4\u00dfig \u00fcberpr\u00fcft werden.<br \/>\nAu\u00dferdem haben wir mit allen Mitarbeitern eine Verschwiegenheitspflicht vereinbart. Sollten<br \/>\nSie trotzdem den Eindruck haben, dass Ihre Daten nicht gut gesch\u00fctzt sind oder Hinweise<br \/>\nauf Missbrauch vorliegen, kontaktieren Sie uns bitte unter <a href=\"mailto:info@fugersfoodgroup.com\">info@fugersfoodgroup.com<\/a>.<\/p>\n<h2>\u00c4nderungen<\/h2>\n<p>Diese Datenschutzerkl\u00e4rung kann von Fugers Food Group B.V. angepasst werden. Die<br \/>\nge\u00e4nderte Datenschutzerkl\u00e4rung gilt ab dem Datum ihrer Ver\u00f6ffentlichung auf der Website<br \/>\nvon Fugers Food Group B.V.[\/vc_column_text][\/vc_column][\/vc_row]<\/p>\n<\/section>","protected":false},"excerpt":{"rendered":"<p>[vc_row css=&#8220;.vc_custom_1527239751756{padding-top: 50px !important;padding-bottom: 50px !important;}&#8220;][vc_column][vc_column_text]Fugers Food Group B.V. mit Sitz in 7575 DB Oldenzaal, Hanzepoort 19, Niederlande, ist f\u00fcr<\/p>\n","protected":false},"author":1,"featured_media":0,"parent":0,"menu_order":0,"comment_status":"closed","ping_status":"closed","template":"","meta":{"footnotes":""},"class_list":["post-1594","page","type-page","status-publish","hentry"],"yoast_head":"<!-- This site is optimized with the Yoast SEO plugin v26.1.1 - https:\/\/yoast.com\/wordpress\/plugins\/seo\/ -->\n<title>Datenschutzerkl\u00e4rung - Fugers Food Group BV<\/title>\n<meta name=\"robots\" content=\"index, follow, max-snippet:-1, max-image-preview:large, max-video-preview:-1\" \/>\n<link rel=\"canonical\" href=\"https:\/\/www.fugersfoodgroup.com\/de\/datenschutzerklarung\/\" \/>\n<meta property=\"og:locale\" content=\"de_DE\" \/>\n<meta property=\"og:type\" content=\"article\" \/>\n<meta property=\"og:title\" content=\"Datenschutzerkl\u00e4rung - Fugers Food Group BV\" \/>\n<meta property=\"og:description\" content=\"[vc_row css=&#8220;.vc_custom_1527239751756{padding-top: 50px !important;padding-bottom: 50px !important;}&#8220;][vc_column][vc_column_text]Fugers Food Group B.V. mit Sitz in 7575 DB Oldenzaal, Hanzepoort 19, Niederlande, ist f\u00fcr\" \/>\n<meta property=\"og:url\" content=\"https:\/\/www.fugersfoodgroup.com\/de\/datenschutzerklarung\/\" \/>\n<meta property=\"og:site_name\" content=\"Fugers Food Group BV\" \/>\n<meta property=\"article:modified_time\" content=\"2018-07-12T14:59:09+00:00\" \/>\n<meta name=\"twitter:card\" content=\"summary_large_image\" \/>\n<meta name=\"twitter:label1\" content=\"Gesch\u00e4tzte Lesezeit\" \/>\n\t<meta name=\"twitter:data1\" content=\"5\u00a0Minuten\" \/>\n<script type=\"application\/ld+json\" class=\"yoast-schema-graph\">{\"@context\":\"https:\/\/schema.org\",\"@graph\":[{\"@type\":\"WebPage\",\"@id\":\"https:\/\/www.fugersfoodgroup.com\/de\/datenschutzerklarung\/\",\"url\":\"https:\/\/www.fugersfoodgroup.com\/de\/datenschutzerklarung\/\",\"name\":\"Datenschutzerkl\u00e4rung - Fugers Food Group BV\",\"isPartOf\":{\"@id\":\"https:\/\/www.fugersfoodgroup.com\/#website\"},\"datePublished\":\"2018-07-12T14:59:08+00:00\",\"dateModified\":\"2018-07-12T14:59:09+00:00\",\"breadcrumb\":{\"@id\":\"https:\/\/www.fugersfoodgroup.com\/de\/datenschutzerklarung\/#breadcrumb\"},\"inLanguage\":\"de\",\"potentialAction\":[{\"@type\":\"ReadAction\",\"target\":[\"https:\/\/www.fugersfoodgroup.com\/de\/datenschutzerklarung\/\"]}]},{\"@type\":\"BreadcrumbList\",\"@id\":\"https:\/\/www.fugersfoodgroup.com\/de\/datenschutzerklarung\/#breadcrumb\",\"itemListElement\":[{\"@type\":\"ListItem\",\"position\":1,\"name\":\"Home\",\"item\":\"https:\/\/www.fugersfoodgroup.com\/de\/\"},{\"@type\":\"ListItem\",\"position\":2,\"name\":\"Datenschutzerkl\u00e4rung\"}]},{\"@type\":\"WebSite\",\"@id\":\"https:\/\/www.fugersfoodgroup.com\/#website\",\"url\":\"https:\/\/www.fugersfoodgroup.com\/\",\"name\":\"Fugers Food Group BV\",\"description\":\"Trading &amp; processing\",\"publisher\":{\"@id\":\"https:\/\/www.fugersfoodgroup.com\/#organization\"},\"potentialAction\":[{\"@type\":\"SearchAction\",\"target\":{\"@type\":\"EntryPoint\",\"urlTemplate\":\"https:\/\/www.fugersfoodgroup.com\/?s={search_term_string}\"},\"query-input\":{\"@type\":\"PropertyValueSpecification\",\"valueRequired\":true,\"valueName\":\"search_term_string\"}}],\"inLanguage\":\"de\"},{\"@type\":\"Organization\",\"@id\":\"https:\/\/www.fugersfoodgroup.com\/#organization\",\"name\":\"Fugers Food Group BV\",\"url\":\"https:\/\/www.fugersfoodgroup.com\/\",\"logo\":{\"@type\":\"ImageObject\",\"inLanguage\":\"de\",\"@id\":\"https:\/\/www.fugersfoodgroup.com\/#\/schema\/logo\/image\/\",\"url\":\"https:\/\/www.fugersfoodgroup.com\/wp-content\/uploads\/2017\/06\/fugers-food-group-logo.png\",\"contentUrl\":\"https:\/\/www.fugersfoodgroup.com\/wp-content\/uploads\/2017\/06\/fugers-food-group-logo.png\",\"width\":143,\"height\":56,\"caption\":\"Fugers Food Group BV\"},\"image\":{\"@id\":\"https:\/\/www.fugersfoodgroup.com\/#\/schema\/logo\/image\/\"}}]}<\/script>\n<!-- \/ Yoast SEO plugin. -->","yoast_head_json":{"title":"Datenschutzerkl\u00e4rung - Fugers Food Group BV","robots":{"index":"index","follow":"follow","max-snippet":"max-snippet:-1","max-image-preview":"max-image-preview:large","max-video-preview":"max-video-preview:-1"},"canonical":"https:\/\/www.fugersfoodgroup.com\/de\/datenschutzerklarung\/","og_locale":"de_DE","og_type":"article","og_title":"Datenschutzerkl\u00e4rung - Fugers Food Group BV","og_description":"[vc_row css=&#8220;.vc_custom_1527239751756{padding-top: 50px !important;padding-bottom: 50px !important;}&#8220;][vc_column][vc_column_text]Fugers Food Group B.V. mit Sitz in 7575 DB Oldenzaal, Hanzepoort 19, Niederlande, ist f\u00fcr","og_url":"https:\/\/www.fugersfoodgroup.com\/de\/datenschutzerklarung\/","og_site_name":"Fugers Food Group BV","article_modified_time":"2018-07-12T14:59:09+00:00","twitter_card":"summary_large_image","twitter_misc":{"Gesch\u00e4tzte Lesezeit":"5\u00a0Minuten"},"schema":{"@context":"https:\/\/schema.org","@graph":[{"@type":"WebPage","@id":"https:\/\/www.fugersfoodgroup.com\/de\/datenschutzerklarung\/","url":"https:\/\/www.fugersfoodgroup.com\/de\/datenschutzerklarung\/","name":"Datenschutzerkl\u00e4rung - Fugers Food Group BV","isPartOf":{"@id":"https:\/\/www.fugersfoodgroup.com\/#website"},"datePublished":"2018-07-12T14:59:08+00:00","dateModified":"2018-07-12T14:59:09+00:00","breadcrumb":{"@id":"https:\/\/www.fugersfoodgroup.com\/de\/datenschutzerklarung\/#breadcrumb"},"inLanguage":"de","potentialAction":[{"@type":"ReadAction","target":["https:\/\/www.fugersfoodgroup.com\/de\/datenschutzerklarung\/"]}]},{"@type":"BreadcrumbList","@id":"https:\/\/www.fugersfoodgroup.com\/de\/datenschutzerklarung\/#breadcrumb","itemListElement":[{"@type":"ListItem","position":1,"name":"Home","item":"https:\/\/www.fugersfoodgroup.com\/de\/"},{"@type":"ListItem","position":2,"name":"Datenschutzerkl\u00e4rung"}]},{"@type":"WebSite","@id":"https:\/\/www.fugersfoodgroup.com\/#website","url":"https:\/\/www.fugersfoodgroup.com\/","name":"Fugers Food Group BV","description":"Trading &amp; processing","publisher":{"@id":"https:\/\/www.fugersfoodgroup.com\/#organization"},"potentialAction":[{"@type":"SearchAction","target":{"@type":"EntryPoint","urlTemplate":"https:\/\/www.fugersfoodgroup.com\/?s={search_term_string}"},"query-input":{"@type":"PropertyValueSpecification","valueRequired":true,"valueName":"search_term_string"}}],"inLanguage":"de"},{"@type":"Organization","@id":"https:\/\/www.fugersfoodgroup.com\/#organization","name":"Fugers Food Group BV","url":"https:\/\/www.fugersfoodgroup.com\/","logo":{"@type":"ImageObject","inLanguage":"de","@id":"https:\/\/www.fugersfoodgroup.com\/#\/schema\/logo\/image\/","url":"https:\/\/www.fugersfoodgroup.com\/wp-content\/uploads\/2017\/06\/fugers-food-group-logo.png","contentUrl":"https:\/\/www.fugersfoodgroup.com\/wp-content\/uploads\/2017\/06\/fugers-food-group-logo.png","width":143,"height":56,"caption":"Fugers Food Group BV"},"image":{"@id":"https:\/\/www.fugersfoodgroup.com\/#\/schema\/logo\/image\/"}}]}},"_links":{"self":[{"href":"https:\/\/www.fugersfoodgroup.com\/de\/wp-json\/wp\/v2\/pages\/1594\/"}],"collection":[{"href":"https:\/\/www.fugersfoodgroup.com\/de\/wp-json\/wp\/v2\/pages\/"}],"about":[{"href":"https:\/\/www.fugersfoodgroup.com\/de\/wp-json\/wp\/v2\/types\/page\/"}],"author":[{"embeddable":true,"href":"https:\/\/www.fugersfoodgroup.com\/de\/wp-json\/wp\/v2\/users\/1\/"}],"replies":[{"embeddable":true,"href":"https:\/\/www.fugersfoodgroup.com\/de\/wp-json\/wp\/v2\/comments\/?post=1594"}],"version-history":[{"count":1,"href":"https:\/\/www.fugersfoodgroup.com\/de\/wp-json\/wp\/v2\/pages\/1594\/revisions\/"}],"predecessor-version":[{"id":1595,"href":"https:\/\/www.fugersfoodgroup.com\/de\/wp-json\/wp\/v2\/pages\/1594\/revisions\/1595\/"}],"wp:attachment":[{"href":"https:\/\/www.fugersfoodgroup.com\/de\/wp-json\/wp\/v2\/media\/?parent=1594"}],"curies":[{"name":"wp","href":"https:\/\/api.w.org\/{rel}","templated":true}]}}