{"id":1604,"date":"2018-07-12T17:12:01","date_gmt":"2018-07-12T15:12:01","guid":{"rendered":"http:\/\/www.fugersfoodgroup.com\/haftungsausschluss\/"},"modified":"2018-07-12T17:12:01","modified_gmt":"2018-07-12T15:12:01","slug":"haftungsausschluss","status":"publish","type":"page","link":"https:\/\/www.fugersfoodgroup.com\/de\/haftungsausschluss\/","title":{"rendered":"Haftungsausschluss"},"content":{"rendered":"<section class=\"wpb-content-wrapper\"><p>[vc_row css=&#8220;.vc_custom_1527239810336{padding-top: 50px !important;padding-bottom: 50px !important;}&#8220;][vc_column][vc_column_text]<\/p>\n<h2>Haftungsausschluss \u2013 Haftungsfreistellung<\/h2>\n<p>Trotz der kontinuierlichen Sorgfalt und Aufmerksamkeit, die wir der Zusammenstellung dieser Website und der darin enthaltenen Daten widmen, kann Fugers Food Group B.V. keine Garantie f\u00fcr die Vollst\u00e4ndigkeit, Richtigkeit oder st\u00e4ndige Aktualit\u00e4t der Daten und des Inhalts der Website \u00fcbernehmen. Fugers Food Group B.V. \u00fcbernimmt daher keine Haftung f\u00fcr direkte oder indirekte Sch\u00e4den gleich welcher Art, die sich aus der Nutzung der Website oder der (Un) Zug\u00e4nglichkeit der Website ergeben oder in irgendeiner Weise damit in Zusammenhang stehen.<\/p>\n<p>Behauptungen und Meinungen, die in Artikeln und Mitteilungen auf den Seiten dieser Website ge\u00e4u\u00dfert werden, sind die des Autors beziehungsweise der Autoren und nicht (notwendigerweise) die des Webmasters, des Internetproviders oder von Fugers Food Group B.V.; Fugers Food Group B.V. kann in keiner Weise f\u00fcr deren Inhalt verantwortlich gemacht werden und haftet nicht f\u00fcr direkte oder indirekte Sch\u00e4den, die sich aus den betreffenden Aussagen ergeben k\u00f6nnen.<\/p>\n<p>Fugers Food Group B.V. kann nicht garantieren, dass die Informationen auf dieser Website f\u00fcr den von Ihnen gew\u00fcnschten Zweck geeignet sind. Alle Informationen, Produkte und Dienstleistungen werden in dem Zustand angeboten, in dem sie sich tats\u00e4chlich befinden und ohne jegliche (implizite) Garantie oder Gew\u00e4hrleistung f\u00fcr ihre Tauglichkeit und Eignung f\u00fcr einen bestimmten Zweck oder anderweitig.<\/p>\n<p>Die Informationen auf dieser Website werden regelm\u00e4\u00dfig erg\u00e4nzt beziehungsweise aktualisiert. Fugers Food Group B.V. beh\u00e4lt sich das Recht vor, \u00c4nderungen mit sofortiger Wirkung und ohne vorherige Ank\u00fcndigung vorzunehmen.<\/p>\n<h2>Links zu anderen Websites<\/h2>\n<p>Auf dieser Website finden Sie eine Reihe von Links zu anderen Websites. Fugers Food Group B.V. haftet nicht f\u00fcr den Inhalt dieser Websites beziehungsweise den Umgang mit Ihren personenbezogenen Daten. Lesen Sie bitte dazu die Datenschutzerkl\u00e4rung, den Haftungsausschluss, den Copyright-Vermerk und die allgemeinen Gesch\u00e4ftsbedingungen, sofern anwesend, der Website, die Sie besuchen.[\/vc_column_text][\/vc_column][\/vc_row]<\/p>\n<\/section>","protected":false},"excerpt":{"rendered":"<p>[vc_row css=&#8220;.vc_custom_1527239810336{padding-top: 50px !important;padding-bottom: 50px !important;}&#8220;][vc_column][vc_column_text] Haftungsausschluss \u2013 Haftungsfreistellung Trotz der kontinuierlichen Sorgfalt und Aufmerksamkeit, die wir der Zusammenstellung dieser<\/p>\n","protected":false},"author":1,"featured_media":0,"parent":0,"menu_order":0,"comment_status":"closed","ping_status":"closed","template":"","meta":{"footnotes":""},"class_list":["post-1604","page","type-page","status-publish","hentry"],"yoast_head":"<!-- This site is optimized with the Yoast SEO plugin v26.1.1 - https:\/\/yoast.com\/wordpress\/plugins\/seo\/ -->\n<title>Haftungsausschluss - Fugers Food Group BV<\/title>\n<meta name=\"robots\" content=\"index, follow, max-snippet:-1, max-image-preview:large, max-video-preview:-1\" \/>\n<link rel=\"canonical\" href=\"https:\/\/www.fugersfoodgroup.com\/de\/disclaimer\/\" \/>\n<meta property=\"og:locale\" content=\"de_DE\" \/>\n<meta property=\"og:type\" content=\"article\" \/>\n<meta property=\"og:title\" content=\"Haftungsausschluss - Fugers Food Group BV\" \/>\n<meta property=\"og:description\" content=\"[vc_row css=&#8220;.vc_custom_1527239810336{padding-top: 50px !important;padding-bottom: 50px !important;}&#8220;][vc_column][vc_column_text] Haftungsausschluss \u2013 Haftungsfreistellung Trotz der kontinuierlichen Sorgfalt und Aufmerksamkeit, die wir der Zusammenstellung dieser\" \/>\n<meta property=\"og:url\" content=\"https:\/\/www.fugersfoodgroup.com\/disclaimer\/\" \/>\n<meta property=\"og:site_name\" content=\"Fugers Food Group BV\" \/>\n<meta name=\"twitter:card\" content=\"summary_large_image\" \/>\n<meta name=\"twitter:label1\" content=\"Gesch\u00e4tzte Lesezeit\" \/>\n\t<meta name=\"twitter:data1\" content=\"2\u00a0Minuten\" \/>\n<script type=\"application\/ld+json\" class=\"yoast-schema-graph\">{\"@context\":\"https:\/\/schema.org\",\"@graph\":[{\"@type\":\"WebPage\",\"@id\":\"https:\/\/www.fugersfoodgroup.com\/disclaimer\/\",\"url\":\"https:\/\/www.fugersfoodgroup.com\/disclaimer\/\",\"name\":\"Haftungsausschluss - Fugers Food Group BV\",\"isPartOf\":{\"@id\":\"https:\/\/www.fugersfoodgroup.com\/#website\"},\"datePublished\":\"2018-07-12T15:12:01+00:00\",\"breadcrumb\":{\"@id\":\"https:\/\/www.fugersfoodgroup.com\/disclaimer\/#breadcrumb\"},\"inLanguage\":\"de\",\"potentialAction\":[{\"@type\":\"ReadAction\",\"target\":[\"https:\/\/www.fugersfoodgroup.com\/disclaimer\/\"]}]},{\"@type\":\"BreadcrumbList\",\"@id\":\"https:\/\/www.fugersfoodgroup.com\/disclaimer\/#breadcrumb\",\"itemListElement\":[{\"@type\":\"ListItem\",\"position\":1,\"name\":\"Home\",\"item\":\"https:\/\/www.fugersfoodgroup.com\/de\/\"},{\"@type\":\"ListItem\",\"position\":2,\"name\":\"Haftungsausschluss\"}]},{\"@type\":\"WebSite\",\"@id\":\"https:\/\/www.fugersfoodgroup.com\/#website\",\"url\":\"https:\/\/www.fugersfoodgroup.com\/\",\"name\":\"Fugers Food Group BV\",\"description\":\"Trading &amp; processing\",\"publisher\":{\"@id\":\"https:\/\/www.fugersfoodgroup.com\/#organization\"},\"potentialAction\":[{\"@type\":\"SearchAction\",\"target\":{\"@type\":\"EntryPoint\",\"urlTemplate\":\"https:\/\/www.fugersfoodgroup.com\/?s={search_term_string}\"},\"query-input\":{\"@type\":\"PropertyValueSpecification\",\"valueRequired\":true,\"valueName\":\"search_term_string\"}}],\"inLanguage\":\"de\"},{\"@type\":\"Organization\",\"@id\":\"https:\/\/www.fugersfoodgroup.com\/#organization\",\"name\":\"Fugers Food Group BV\",\"url\":\"https:\/\/www.fugersfoodgroup.com\/\",\"logo\":{\"@type\":\"ImageObject\",\"inLanguage\":\"de\",\"@id\":\"https:\/\/www.fugersfoodgroup.com\/#\/schema\/logo\/image\/\",\"url\":\"https:\/\/www.fugersfoodgroup.com\/wp-content\/uploads\/2017\/06\/fugers-food-group-logo.png\",\"contentUrl\":\"https:\/\/www.fugersfoodgroup.com\/wp-content\/uploads\/2017\/06\/fugers-food-group-logo.png\",\"width\":143,\"height\":56,\"caption\":\"Fugers Food Group BV\"},\"image\":{\"@id\":\"https:\/\/www.fugersfoodgroup.com\/#\/schema\/logo\/image\/\"}}]}<\/script>\n<!-- \/ Yoast SEO plugin. -->","yoast_head_json":{"title":"Haftungsausschluss - Fugers Food Group BV","robots":{"index":"index","follow":"follow","max-snippet":"max-snippet:-1","max-image-preview":"max-image-preview:large","max-video-preview":"max-video-preview:-1"},"canonical":"https:\/\/www.fugersfoodgroup.com\/de\/disclaimer\/","og_locale":"de_DE","og_type":"article","og_title":"Haftungsausschluss - Fugers Food Group BV","og_description":"[vc_row css=&#8220;.vc_custom_1527239810336{padding-top: 50px !important;padding-bottom: 50px !important;}&#8220;][vc_column][vc_column_text] Haftungsausschluss \u2013 Haftungsfreistellung Trotz der kontinuierlichen Sorgfalt und Aufmerksamkeit, die wir der Zusammenstellung dieser","og_url":"https:\/\/www.fugersfoodgroup.com\/disclaimer\/","og_site_name":"Fugers Food Group BV","twitter_card":"summary_large_image","twitter_misc":{"Gesch\u00e4tzte Lesezeit":"2\u00a0Minuten"},"schema":{"@context":"https:\/\/schema.org","@graph":[{"@type":"WebPage","@id":"https:\/\/www.fugersfoodgroup.com\/disclaimer\/","url":"https:\/\/www.fugersfoodgroup.com\/disclaimer\/","name":"Haftungsausschluss - Fugers Food Group BV","isPartOf":{"@id":"https:\/\/www.fugersfoodgroup.com\/#website"},"datePublished":"2018-07-12T15:12:01+00:00","breadcrumb":{"@id":"https:\/\/www.fugersfoodgroup.com\/disclaimer\/#breadcrumb"},"inLanguage":"de","potentialAction":[{"@type":"ReadAction","target":["https:\/\/www.fugersfoodgroup.com\/disclaimer\/"]}]},{"@type":"BreadcrumbList","@id":"https:\/\/www.fugersfoodgroup.com\/disclaimer\/#breadcrumb","itemListElement":[{"@type":"ListItem","position":1,"name":"Home","item":"https:\/\/www.fugersfoodgroup.com\/de\/"},{"@type":"ListItem","position":2,"name":"Haftungsausschluss"}]},{"@type":"WebSite","@id":"https:\/\/www.fugersfoodgroup.com\/#website","url":"https:\/\/www.fugersfoodgroup.com\/","name":"Fugers Food Group BV","description":"Trading &amp; processing","publisher":{"@id":"https:\/\/www.fugersfoodgroup.com\/#organization"},"potentialAction":[{"@type":"SearchAction","target":{"@type":"EntryPoint","urlTemplate":"https:\/\/www.fugersfoodgroup.com\/?s={search_term_string}"},"query-input":{"@type":"PropertyValueSpecification","valueRequired":true,"valueName":"search_term_string"}}],"inLanguage":"de"},{"@type":"Organization","@id":"https:\/\/www.fugersfoodgroup.com\/#organization","name":"Fugers Food Group BV","url":"https:\/\/www.fugersfoodgroup.com\/","logo":{"@type":"ImageObject","inLanguage":"de","@id":"https:\/\/www.fugersfoodgroup.com\/#\/schema\/logo\/image\/","url":"https:\/\/www.fugersfoodgroup.com\/wp-content\/uploads\/2017\/06\/fugers-food-group-logo.png","contentUrl":"https:\/\/www.fugersfoodgroup.com\/wp-content\/uploads\/2017\/06\/fugers-food-group-logo.png","width":143,"height":56,"caption":"Fugers Food Group BV"},"image":{"@id":"https:\/\/www.fugersfoodgroup.com\/#\/schema\/logo\/image\/"}}]}},"_links":{"self":[{"href":"https:\/\/www.fugersfoodgroup.com\/de\/wp-json\/wp\/v2\/pages\/1604\/"}],"collection":[{"href":"https:\/\/www.fugersfoodgroup.com\/de\/wp-json\/wp\/v2\/pages\/"}],"about":[{"href":"https:\/\/www.fugersfoodgroup.com\/de\/wp-json\/wp\/v2\/types\/page\/"}],"author":[{"embeddable":true,"href":"https:\/\/www.fugersfoodgroup.com\/de\/wp-json\/wp\/v2\/users\/1\/"}],"replies":[{"embeddable":true,"href":"https:\/\/www.fugersfoodgroup.com\/de\/wp-json\/wp\/v2\/comments\/?post=1604"}],"version-history":[{"count":1,"href":"https:\/\/www.fugersfoodgroup.com\/de\/wp-json\/wp\/v2\/pages\/1604\/revisions\/"}],"predecessor-version":[{"id":1605,"href":"https:\/\/www.fugersfoodgroup.com\/de\/wp-json\/wp\/v2\/pages\/1604\/revisions\/1605\/"}],"wp:attachment":[{"href":"https:\/\/www.fugersfoodgroup.com\/de\/wp-json\/wp\/v2\/media\/?parent=1604"}],"curies":[{"name":"wp","href":"https:\/\/api.w.org\/{rel}","templated":true}]}}