{"id":2340,"date":"2023-02-09T11:18:03","date_gmt":"2023-02-09T10:18:03","guid":{"rendered":"https:\/\/www.fugersfoodgroup.com\/qualitat\/"},"modified":"2025-10-13T12:06:59","modified_gmt":"2025-10-13T10:06:59","slug":"qualitat","status":"publish","type":"page","link":"https:\/\/www.fugersfoodgroup.com\/de\/qualitat\/","title":{"rendered":"Qualit\u00e4t"},"content":{"rendered":"<section class=\"wpb-content-wrapper\"><p>[vc_row full_width=&#8220;stretch_row_content_no_spaces&#8220; equal_height=&#8220;yes&#8220;][vc_column width=&#8220;1\/2&#8243; css=&#8220;.vc_custom_1675936719364{padding-top: 100px !important;padding-right: 50px !important;padding-bottom: 100px !important;padding-left: 50px !important;background-image: url(https:\/\/www.fugersfoodgroup.com\/wp-content\/uploads\/2023\/02\/fugers-food-group-kwaliteit-12.jpg?id=2312) !important;background-position: center !important;background-repeat: no-repeat !important;background-size: cover !important;}&#8220;][\/vc_column][vc_column width=&#8220;1\/2&#8243; basel_color_scheme=&#8220;light&#8220; css=&#8220;.vc_custom_1675936830560{padding-top: 50px !important;padding-right: 50px !important;padding-bottom: 50px !important;padding-left: 50px !important;background-color: #4c4c4c !important;}&#8220;][vc_column_text]Wir streben in allen Bereichen unserer T\u00e4tigkeit allerh\u00f6chste Qualit\u00e4t an. F\u00fcr uns geht es nicht nur um die Auswahl hochwertiger Grundstoffe, sondern auch um die optimale Qualit\u00e4t unserer Produktionsabl\u00e4ufe und eine serviceorientierte Dienstleistung.<\/p>\n<h2>Hochwertige Grundstoffe<\/h2>\n<p>Die Grundzutaten f\u00fcr jedes Pizza Baguette, das unsere Fabrik verl\u00e4sst, sind: Brot, Sauce, Gem\u00fcse, Fleisch oder Fisch und K\u00e4se. Diese Zutaten beziehen wir von ausgew\u00e4hlten Lieferanten und Betrieben. Nur so k\u00f6nnen wir den optimalen Geschmack unserer Produkte garantieren. Ein Teil unseres Sortiments wurde mit dem Qualit\u00e4tszertifikat der DLG (Deutsche Landwirtschafts-Gesellschaft) ausgezeichnet. Die DLG testet die Qualit\u00e4t von Lebensmitteln (Aussehen, Geruch, Geschmack und Inhaltsstoffe), wobei die Initiative f\u00fcr diese j\u00e4hrlich durchgef\u00fchrten Qualit\u00e4tspr\u00fcfungen von den LEH-Unternehmen ausgeht.[\/vc_column_text][\/vc_column][\/vc_row][vc_row full_width=&#8220;stretch_row_content_no_spaces&#8220; equal_height=&#8220;yes&#8220;][vc_column width=&#8220;1\/2&#8243; basel_color_scheme=&#8220;dark&#8220; css=&#8220;.vc_custom_1675936898315{padding-top: 50px !important;padding-right: 50px !important;padding-bottom: 50px !important;padding-left: 50px !important;background-color: #ebebeb !important;}&#8220;][vc_column_text]<\/p>\n<h2>Produktqualit\u00e4t<\/h2>\n<p>Um eine hohe Produktqualit\u00e4t gew\u00e4hrleisten zu k\u00f6nnen, wird bei Fugers Food Group ein j\u00e4hrlich wiederkehrendes Zertifizierungsverfahren eingesetzt. Dabei handelt es sich um Zertifikate in Bezug auf die Lebensmittelsicherheit:<\/p>\n<ul>\n<li><a href=\"https:\/\/www.fugersfoodgroup.com\/wp-content\/uploads\/2025\/10\/BRC-25-11-2026.pdf\">BRC<\/a><\/li>\n<li><a href=\"https:\/\/www.fugersfoodgroup.com\/wp-content\/uploads\/2025\/10\/IFS-01-12-2026.pdf\">IFS <\/a><\/li>\n<\/ul>\n<p>Auch die R\u00fcckverfolgbarkeit ist ein wichtiger Bestandteil unseres Produktionsprozesses. Damit ist es m\u00f6glich, die einzelnen Schritte der gesamten Produktionskette, wie Herkunft der Grundstoffe, Verarbeitungszeitpunkt und Angaben \u00fcber Lagerung, Transport und Verkauf, zur\u00fcckzuverfolgen. Eine gute R\u00fcckverfolgbarkeit der Produkte erh\u00f6ht die Zuverl\u00e4ssigkeit und das Serviceniveau.[\/vc_column_text][\/vc_column][vc_column width=&#8220;1\/2&#8243; css=&#8220;.vc_custom_1675936931434{padding-top: 100px !important;padding-right: 50px !important;padding-bottom: 100px !important;padding-left: 50px !important;background-image: url(https:\/\/www.fugersfoodgroup.com\/wp-content\/uploads\/2017\/07\/fugers-food-group-kwaliteit-2.jpg?id=752) !important;background-position: center !important;background-repeat: no-repeat !important;background-size: cover !important;}&#8220;][\/vc_column][\/vc_row][vc_row full_width=&#8220;stretch_row_content_no_spaces&#8220; equal_height=&#8220;yes&#8220;][vc_column width=&#8220;1\/2&#8243; css=&#8220;.vc_custom_1675937068886{padding-top: 100px !important;padding-right: 50px !important;padding-bottom: 100px !important;padding-left: 50px !important;background-image: url(https:\/\/www.fugersfoodgroup.com\/wp-content\/uploads\/2017\/07\/fugers-food-group-kwaliteit-3.jpg?id=753) !important;background-position: center !important;background-repeat: no-repeat !important;background-size: cover !important;}&#8220;][\/vc_column][vc_column width=&#8220;1\/2&#8243; basel_color_scheme=&#8220;light&#8220; css=&#8220;.vc_custom_1675936830560{padding-top: 50px !important;padding-right: 50px !important;padding-bottom: 50px !important;padding-left: 50px !important;background-color: #4c4c4c !important;}&#8220;][vc_column_text]<\/p>\n<h2>Qualit\u00e4tssicherung<\/h2>\n<p>Bei FFG werden rund um die Uhr Qualit\u00e4tskontrollen durchgef\u00fchrt. QC (Quality Control) ist f\u00fcr den Dokumentenfluss, die Hygiene im Arbeitsbereich sowie f\u00fcr interne Qualit\u00e4tskontrollen zust\u00e4ndig. So werden beispielsweise Eingangskontrollen der angelieferten Ware (Verpackungen, Grundstoffe) durchgef\u00fchrt.<\/p>\n<p>QA (Quality Assurance) betreut Zertifizierungsverfahren, f\u00fchrt interne Audits durch und ist f\u00fcr das Reklamationsmanagement zust\u00e4ndig. Des Weiteren ist QA f\u00fcr das Bedrucken von Verpackungen (einschlie\u00dflich der gesetzlich vorgeschriebenen Zutatendeklaration) verantwortlich. Es wird kontinuierlich untersucht wo das Produkt oder das Prozess verbessert werden kann. Alle Anstrengungen zielen darauf ab, f\u00fcr Sie ein gutes und sicheres Produkt zu produzieren.[\/vc_column_text][\/vc_column][\/vc_row]<\/p>\n<\/section>","protected":false},"excerpt":{"rendered":"<p>[vc_row full_width=&#8220;stretch_row_content_no_spaces&#8220; equal_height=&#8220;yes&#8220;][vc_column width=&#8220;1\/2&#8243; css=&#8220;.vc_custom_1675936719364{padding-top: 100px !important;padding-right: 50px !important;padding-bottom: 100px !important;padding-left: 50px !important;background-image: url(https:\/\/www.fugersfoodgroup.com\/wp-content\/uploads\/2023\/02\/fugers-food-group-kwaliteit-12.jpg?id=2312) !important;background-position: center !important;background-repeat: no-repeat !important;background-size: cover<\/p>\n","protected":false},"author":1,"featured_media":0,"parent":0,"menu_order":0,"comment_status":"closed","ping_status":"closed","template":"","meta":{"footnotes":""},"class_list":["post-2340","page","type-page","status-publish","hentry"],"yoast_head":"<!-- This site is optimized with the Yoast SEO plugin v26.1.1 - https:\/\/yoast.com\/wordpress\/plugins\/seo\/ -->\n<title>Qualit\u00e4t - Fugers Food Group BV<\/title>\n<meta name=\"robots\" content=\"index, follow, max-snippet:-1, max-image-preview:large, max-video-preview:-1\" \/>\n<link rel=\"canonical\" href=\"https:\/\/www.fugersfoodgroup.com\/de\/qualitat\/\" \/>\n<meta property=\"og:locale\" content=\"de_DE\" \/>\n<meta property=\"og:type\" content=\"article\" \/>\n<meta property=\"og:title\" content=\"Qualit\u00e4t - Fugers Food Group BV\" \/>\n<meta property=\"og:description\" content=\"[vc_row full_width=&#8220;stretch_row_content_no_spaces&#8220; equal_height=&#8220;yes&#8220;][vc_column width=&#8220;1\/2&#8243; css=&#8220;.vc_custom_1675936719364{padding-top: 100px !important;padding-right: 50px !important;padding-bottom: 100px !important;padding-left: 50px !important;background-image: url(https:\/\/www.fugersfoodgroup.com\/wp-content\/uploads\/2023\/02\/fugers-food-group-kwaliteit-12.jpg?id=2312) !important;background-position: center !important;background-repeat: no-repeat !important;background-size: cover\" \/>\n<meta property=\"og:url\" content=\"https:\/\/www.fugersfoodgroup.com\/de\/qualitat\/\" \/>\n<meta property=\"og:site_name\" content=\"Fugers Food Group BV\" \/>\n<meta property=\"article:modified_time\" content=\"2025-10-13T10:06:59+00:00\" \/>\n<meta name=\"twitter:card\" content=\"summary_large_image\" \/>\n<meta name=\"twitter:label1\" content=\"Gesch\u00e4tzte Lesezeit\" \/>\n\t<meta name=\"twitter:data1\" content=\"2\u00a0Minuten\" \/>\n<script type=\"application\/ld+json\" class=\"yoast-schema-graph\">{\"@context\":\"https:\/\/schema.org\",\"@graph\":[{\"@type\":\"WebPage\",\"@id\":\"https:\/\/www.fugersfoodgroup.com\/de\/qualitat\/\",\"url\":\"https:\/\/www.fugersfoodgroup.com\/de\/qualitat\/\",\"name\":\"Qualit\u00e4t - Fugers Food Group BV\",\"isPartOf\":{\"@id\":\"https:\/\/www.fugersfoodgroup.com\/#website\"},\"datePublished\":\"2023-02-09T10:18:03+00:00\",\"dateModified\":\"2025-10-13T10:06:59+00:00\",\"breadcrumb\":{\"@id\":\"https:\/\/www.fugersfoodgroup.com\/de\/qualitat\/#breadcrumb\"},\"inLanguage\":\"de\",\"potentialAction\":[{\"@type\":\"ReadAction\",\"target\":[\"https:\/\/www.fugersfoodgroup.com\/de\/qualitat\/\"]}]},{\"@type\":\"BreadcrumbList\",\"@id\":\"https:\/\/www.fugersfoodgroup.com\/de\/qualitat\/#breadcrumb\",\"itemListElement\":[{\"@type\":\"ListItem\",\"position\":1,\"name\":\"Home\",\"item\":\"https:\/\/www.fugersfoodgroup.com\/de\/\"},{\"@type\":\"ListItem\",\"position\":2,\"name\":\"Qualit\u00e4t\"}]},{\"@type\":\"WebSite\",\"@id\":\"https:\/\/www.fugersfoodgroup.com\/#website\",\"url\":\"https:\/\/www.fugersfoodgroup.com\/\",\"name\":\"Fugers Food Group BV\",\"description\":\"Trading &amp; processing\",\"publisher\":{\"@id\":\"https:\/\/www.fugersfoodgroup.com\/#organization\"},\"potentialAction\":[{\"@type\":\"SearchAction\",\"target\":{\"@type\":\"EntryPoint\",\"urlTemplate\":\"https:\/\/www.fugersfoodgroup.com\/?s={search_term_string}\"},\"query-input\":{\"@type\":\"PropertyValueSpecification\",\"valueRequired\":true,\"valueName\":\"search_term_string\"}}],\"inLanguage\":\"de\"},{\"@type\":\"Organization\",\"@id\":\"https:\/\/www.fugersfoodgroup.com\/#organization\",\"name\":\"Fugers Food Group BV\",\"url\":\"https:\/\/www.fugersfoodgroup.com\/\",\"logo\":{\"@type\":\"ImageObject\",\"inLanguage\":\"de\",\"@id\":\"https:\/\/www.fugersfoodgroup.com\/#\/schema\/logo\/image\/\",\"url\":\"https:\/\/www.fugersfoodgroup.com\/wp-content\/uploads\/2017\/06\/fugers-food-group-logo.png\",\"contentUrl\":\"https:\/\/www.fugersfoodgroup.com\/wp-content\/uploads\/2017\/06\/fugers-food-group-logo.png\",\"width\":143,\"height\":56,\"caption\":\"Fugers Food Group BV\"},\"image\":{\"@id\":\"https:\/\/www.fugersfoodgroup.com\/#\/schema\/logo\/image\/\"}}]}<\/script>\n<!-- \/ Yoast SEO plugin. -->","yoast_head_json":{"title":"Qualit\u00e4t - Fugers Food Group BV","robots":{"index":"index","follow":"follow","max-snippet":"max-snippet:-1","max-image-preview":"max-image-preview:large","max-video-preview":"max-video-preview:-1"},"canonical":"https:\/\/www.fugersfoodgroup.com\/de\/qualitat\/","og_locale":"de_DE","og_type":"article","og_title":"Qualit\u00e4t - Fugers Food Group BV","og_description":"[vc_row full_width=&#8220;stretch_row_content_no_spaces&#8220; equal_height=&#8220;yes&#8220;][vc_column width=&#8220;1\/2&#8243; css=&#8220;.vc_custom_1675936719364{padding-top: 100px !important;padding-right: 50px !important;padding-bottom: 100px !important;padding-left: 50px !important;background-image: url(https:\/\/www.fugersfoodgroup.com\/wp-content\/uploads\/2023\/02\/fugers-food-group-kwaliteit-12.jpg?id=2312) !important;background-position: center !important;background-repeat: no-repeat !important;background-size: cover","og_url":"https:\/\/www.fugersfoodgroup.com\/de\/qualitat\/","og_site_name":"Fugers Food Group BV","article_modified_time":"2025-10-13T10:06:59+00:00","twitter_card":"summary_large_image","twitter_misc":{"Gesch\u00e4tzte Lesezeit":"2\u00a0Minuten"},"schema":{"@context":"https:\/\/schema.org","@graph":[{"@type":"WebPage","@id":"https:\/\/www.fugersfoodgroup.com\/de\/qualitat\/","url":"https:\/\/www.fugersfoodgroup.com\/de\/qualitat\/","name":"Qualit\u00e4t - Fugers Food Group BV","isPartOf":{"@id":"https:\/\/www.fugersfoodgroup.com\/#website"},"datePublished":"2023-02-09T10:18:03+00:00","dateModified":"2025-10-13T10:06:59+00:00","breadcrumb":{"@id":"https:\/\/www.fugersfoodgroup.com\/de\/qualitat\/#breadcrumb"},"inLanguage":"de","potentialAction":[{"@type":"ReadAction","target":["https:\/\/www.fugersfoodgroup.com\/de\/qualitat\/"]}]},{"@type":"BreadcrumbList","@id":"https:\/\/www.fugersfoodgroup.com\/de\/qualitat\/#breadcrumb","itemListElement":[{"@type":"ListItem","position":1,"name":"Home","item":"https:\/\/www.fugersfoodgroup.com\/de\/"},{"@type":"ListItem","position":2,"name":"Qualit\u00e4t"}]},{"@type":"WebSite","@id":"https:\/\/www.fugersfoodgroup.com\/#website","url":"https:\/\/www.fugersfoodgroup.com\/","name":"Fugers Food Group BV","description":"Trading &amp; processing","publisher":{"@id":"https:\/\/www.fugersfoodgroup.com\/#organization"},"potentialAction":[{"@type":"SearchAction","target":{"@type":"EntryPoint","urlTemplate":"https:\/\/www.fugersfoodgroup.com\/?s={search_term_string}"},"query-input":{"@type":"PropertyValueSpecification","valueRequired":true,"valueName":"search_term_string"}}],"inLanguage":"de"},{"@type":"Organization","@id":"https:\/\/www.fugersfoodgroup.com\/#organization","name":"Fugers Food Group BV","url":"https:\/\/www.fugersfoodgroup.com\/","logo":{"@type":"ImageObject","inLanguage":"de","@id":"https:\/\/www.fugersfoodgroup.com\/#\/schema\/logo\/image\/","url":"https:\/\/www.fugersfoodgroup.com\/wp-content\/uploads\/2017\/06\/fugers-food-group-logo.png","contentUrl":"https:\/\/www.fugersfoodgroup.com\/wp-content\/uploads\/2017\/06\/fugers-food-group-logo.png","width":143,"height":56,"caption":"Fugers Food Group BV"},"image":{"@id":"https:\/\/www.fugersfoodgroup.com\/#\/schema\/logo\/image\/"}}]}},"_links":{"self":[{"href":"https:\/\/www.fugersfoodgroup.com\/de\/wp-json\/wp\/v2\/pages\/2340\/"}],"collection":[{"href":"https:\/\/www.fugersfoodgroup.com\/de\/wp-json\/wp\/v2\/pages\/"}],"about":[{"href":"https:\/\/www.fugersfoodgroup.com\/de\/wp-json\/wp\/v2\/types\/page\/"}],"author":[{"embeddable":true,"href":"https:\/\/www.fugersfoodgroup.com\/de\/wp-json\/wp\/v2\/users\/1\/"}],"replies":[{"embeddable":true,"href":"https:\/\/www.fugersfoodgroup.com\/de\/wp-json\/wp\/v2\/comments\/?post=2340"}],"version-history":[{"count":3,"href":"https:\/\/www.fugersfoodgroup.com\/de\/wp-json\/wp\/v2\/pages\/2340\/revisions\/"}],"predecessor-version":[{"id":2635,"href":"https:\/\/www.fugersfoodgroup.com\/de\/wp-json\/wp\/v2\/pages\/2340\/revisions\/2635\/"}],"wp:attachment":[{"href":"https:\/\/www.fugersfoodgroup.com\/de\/wp-json\/wp\/v2\/media\/?parent=2340"}],"curies":[{"name":"wp","href":"https:\/\/api.w.org\/{rel}","templated":true}]}}