{"id":1592,"date":"2018-07-12T16:50:04","date_gmt":"2018-07-12T14:50:04","guid":{"rendered":"http:\/\/www.fugersfoodgroup.com\/regles-de-confidentialite\/"},"modified":"2018-07-12T17:01:20","modified_gmt":"2018-07-12T15:01:20","slug":"regles-de-confidentialite","status":"publish","type":"page","link":"https:\/\/www.fugersfoodgroup.com\/fr\/regles-de-confidentialite\/","title":{"rendered":"R\u00e8gles de confidentialit\u00e9"},"content":{"rendered":"<section class=\"wpb-content-wrapper\"><p>[vc_row css=\u00a0\u00bb.vc_custom_1527239751756{padding-top: 50px !important;padding-bottom: 50px !important;}\u00a0\u00bb][vc_column][vc_column_text]Fugers Food Group B.V., \u00e9tablie 19, Hanzepoort, 7575 DB Oldenzaal, Pays-Bas, est responsable de traitement des donn\u00e9es \u00e0 caract\u00e8re personnel, tel qu&rsquo;indiqu\u00e9 dans les pr\u00e9sentes r\u00e8gles de confidentialit\u00e9.<\/p>\n<p><strong>Coordonn\u00e9es de contact :<\/strong><br \/>\nFugers Food Group B.V.<br \/>\nHanzepoort, 19<br \/>\n7575 DB Oldenzaal<br \/>\nPays-Bas<br \/>\n<a href=\"http:\/\/www.fugersfoodgroup.com\">www.fugersfoodgroup.com<\/a><\/p>\n<h2>Donn\u00e9es personnelles que nous traitons<\/h2>\n<p>Fugers Food Group B.V. collecte des donn\u00e9es \u00e0 caract\u00e8re personnel (d&#8217;employ\u00e9s) de clients qui ach\u00e8tent des produits ou des services de Fugers Food Group B.V., et de visiteurs du site Web. Veuillez trouver ci-dessous un r\u00e9capitulatif des donn\u00e9es personnelles que nous traitons :<\/p>\n<ul>\n<li>Nom et pr\u00e9nom<\/li>\n<li>Adresse e-mail<\/li>\n<li>Adresse postale<\/li>\n<li>Num\u00e9ro de T.V.A. intracommunautaire<\/li>\n<\/ul>\n<h2>Donn\u00e9es personnelles sensibles et\/ou particuli\u00e8res que nous traitons<\/h2>\n<p>Notre site Web et\/ou nos services n&rsquo;ont pas vocation \u00e0 collecter des donn\u00e9es concernant les visiteurs du site Web \u00e2g\u00e9s de moins de 16 ans, sauf consentement pr\u00e9alable de leurs parents ou leur tuteur l\u00e9gal. Cependant, nous ne sommes pas \u00e0 m\u00eame de contr\u00f4ler l&rsquo;\u00e2ge exact d&rsquo;un visiteur. Nous recommandons donc aux parents ou tuteur l\u00e9gal de suivre les activit\u00e9s en ligne de leurs enfants, afin de pr\u00e9venir la collecte de donn\u00e9es relatives \u00e0 ces derniers sans consentement parental. Si vous \u00eates convaincu\/e que nous avons collect\u00e9 des donn\u00e9es personnelles sur un mineur sans consentement parental, nous vous invitons \u00e0 nous contacter par courriel \u00e0 <a href=\"mailto:info@fugersfoodgroup.com\">info@fugersfoodgroup.com<\/a>, afin que nous effacions lesdites informations \u00e9ventuelles.<\/p>\n<h2>Finalit\u00e9s et cadre du traitement de vos donn\u00e9es personnelles<\/h2>\n<p>Fugers Food Group B.V. traite vos donn\u00e9es \u00e0 caract\u00e8re personnel aux fins suivantes :<\/p>\n<ul>\n<li>Envoi de nos d\u00e9pliants publicitaires et bulletins d&rsquo;information.<\/li>\n<li>Vous contacter par t\u00e9l\u00e9phone ou courrier \u00e9lectronique, afin de pouvoir r\u00e9aliser nos services.<\/li>\n<\/ul>\n<h2>D\u00e9cision automatis\u00e9e<\/h2>\n<p>Fugers Food Group B.V. ne prend pas de d\u00e9cisions de traitement automatis\u00e9es concernant des affaires qui pourraient avoir des cons\u00e9quences pour des personnes. C&rsquo;est-\u00e0-dire des d\u00e9cisions prises par des programmes ou des syst\u00e8mes informatiques sans supervision humaine, un employ\u00e9 de Fugers Food Group B.V., par exemple.<\/p>\n<h2>Dur\u00e9e de conservation des donn\u00e9es personnelles<\/h2>\n<p>Fugers Food Group B.V. conserve vos donn\u00e9es \u00e0 caract\u00e8re personnel pendant la p\u00e9riode n\u00e9cessaire aux fins pour lesquelles lesdites donn\u00e9es sont collect\u00e9es.<br \/>\nLes coordonn\u00e9es de contact utilis\u00e9es pour nos prestations de service ne sont pas conserv\u00e9es \u00e0 des fins d&rsquo;utilisation ult\u00e9rieure, sauf les donn\u00e9es devant \u00eatre conserv\u00e9es plus longtemps en vertu d&rsquo;obligations l\u00e9gales.<\/p>\n<h2>Partage des donn\u00e9es personnelles avec des tiers<\/h2>\n<p>Fugers Food Group B.V. ne divulgue \u00e0 des tiers les donn\u00e9es personnelles que si n\u00e9cessaire \u00e0 l&rsquo;ex\u00e9cution du contrat convenu avec vous ou pour satisfaire \u00e0 une obligation l\u00e9gale.<\/p>\n<h2>Cookies ou technologies comparables utilis\u00e9es<\/h2>\n<p>Fugers Food Group B.V. utilise uniquement des cookies techniques et fonctionnels et des cookies analytiques qui ne portent pas atteinte \u00e0 votre vie priv\u00e9e. Un cookie est un fichier de texte de petite taille d\u00e9pos\u00e9 sur votre terminal (ordinateur, tablette ou smartphone) \u00e0 la premi\u00e8re visite de ce site Web. Les cookies que nous utilisons sont indispensables au fonctionnement technique du site Web et \u00e0 la facilit\u00e9 d&rsquo;utilisation de ce site. Ils garantissent le bon fonctionnement du site Web et m\u00e9morisent vos param\u00e8tres pr\u00e9f\u00e9rentiels, par exemple. Ils nous permettent \u00e9galement d&rsquo;optimiser notre site Web. Si vous ne souhaitez pas que votre navigateur Internet accepte les cookies, vous pouvez d\u00e9sactiver cette fonction dans les param\u00e8tres de votre navigateur.<br \/>\nEn outre, vous pouvez effacer toutes les informations stock\u00e9es pendant vos activit\u00e9s en ligne en param\u00e9trant \u00e0 cet effet votre navigateur.<\/p>\n<h2>Consultation, rectification ou effacement des donn\u00e9es<\/h2>\n<p>Vous avez le droit de consulter, rectifier ou effacer vos donn\u00e9es personnelles. Vous avez \u00e9galement le droit de retirer votre consentement au traitement des donn\u00e9es ou de faire opposition au traitement de vos donn\u00e9es \u00e0 caract\u00e8re personnel par Fugers Food Group B.V., et le droit de portabilit\u00e9 de vos donn\u00e9es \u00e0 caract\u00e8re personnel. Cela signifie que vous pouvez nous demander de vous transmettre ou de transmettre \u00e0 une autre organisation que vous aurez d\u00e9sign\u00e9e, les donn\u00e9es \u00e0 caract\u00e8re personnel dont nous disposons dans un fichier informatique. Vous pouvez envoyer une demande de consultation, rectification, effacement ou transfert de vos donn\u00e9es personnelles ou une demande de retrait de votre consentement ou une d\u00e9claration d&rsquo;opposition au traitement de vos donn\u00e9es personnelles \u00e0 l&rsquo;adresse <a href=\"mailto:info@fugersfoodgroup.com\">info@fugersfoodgroup.com<\/a>. Pour nous assurer que vous \u00eates bien l&rsquo;auteur de la demande, nous vous saurions gr\u00e9 de joindre \u00e0 votre demande une copie de votre pi\u00e8ce d&rsquo;identit\u00e9. Sur cette copie, veuillez anonymiser (flouter) votre photo d&rsquo;identit\u00e9, le code MRZ (zone de lecture optique, la bande comportant des num\u00e9ros en partie inf\u00e9rieure de votre passeport), le num\u00e9ro de passeport et votre num\u00e9ro d&rsquo;identification personnel, afin de garantir la protection de votre vie priv\u00e9e. Nous r\u00e9pondrons \u00e0 votre demande dans les plus brefs d\u00e9lais, au plus tard dans les quatre semaines. Fugers Food Group B.V. souhaite \u00e9galement vous signaler qu&rsquo;en cas de r\u00e9clamation, vous \u00eates en droit de saisir la commission de surveillance nationale sur la Vie priv\u00e9e (Autoriteit Persoonsgegevens). Contacter l&rsquo;Autoriteit Persoonsgegens (n\u00e9erlandais et anglais) :<br \/>\n<a href=\"https:\/\/autoriteitpersoonsgegevens.nl\/nl\/contact-met-de-autoriteit- persoonsgegevens\/tip-ons\">https:\/\/autoriteitpersoonsgegevens.nl\/nl\/contact-met-de-autoriteit- persoonsgegevens\/tip-ons<\/a>.<\/p>\n<h2>S\u00e9curisation de vos donn\u00e9es personnelles<\/h2>\n<p>Fugers Food Group B.V. attache une grande importance \u00e0 la protection de vos donn\u00e9es et prend des mesures adapt\u00e9es pour lutter contre l&rsquo;usage abusif, la perte, l&rsquo;acc\u00e8s ill\u00e9gal, la publication non d\u00e9sir\u00e9e et la modification illicite. \u00c0 cette fin, nous stockons les donn\u00e9es \u00e0 caract\u00e8re personnel dans des serveurs s\u00e9curis\u00e9s. En outre, nous veillons \u00e0 ce que l&rsquo;acc\u00e8s aux donn\u00e9es que nous d\u00e9tenons ne soit rendu possible qu&rsquo;aux seules personnes habilit\u00e9es \u00e0 en prendre connaissance au regard de leurs attributions, que l&rsquo;acc\u00e8s \u00e0 ces donn\u00e9es soit prot\u00e9g\u00e9 et que nos mesures de s\u00e9curit\u00e9 soient contr\u00f4l\u00e9es r\u00e9guli\u00e8rement. De plus, nous avons convenu avec tous nos employ\u00e9s d&rsquo;une obligation de secret et de confidentialit\u00e9. Toutefois, si vous doutez de l&rsquo;efficacit\u00e9 de la protection de vos donn\u00e9es \u00e0 caract\u00e8re personnel ou si vous disposez d&rsquo;indications d&rsquo;un usage abusif, nous vous invitons \u00e0 nous contacter \u00e0 <a href=\"mailto:info@fugersfoodgroup.com\">info@fugersfoodgroup.com<\/a>.<\/p>\n<h2>Modifications<\/h2>\n<p>Fugers Food Group B.V. se r\u00e9serve le droit d&rsquo;adapter la pr\u00e9sente d\u00e9claration de confidentialit\u00e9 (R\u00e8gles de confidentialit\u00e9). Toute d\u00e9claration de confidentialit\u00e9 mise \u00e0 jour ou adapt\u00e9e devient applicable \u00e0 la date de sa publication sur le site de Fugers Food Group B.V.[\/vc_column_text][\/vc_column][\/vc_row]<\/p>\n<\/section>","protected":false},"excerpt":{"rendered":"<p>[vc_row css=\u00a0\u00bb.vc_custom_1527239751756{padding-top: 50px !important;padding-bottom: 50px !important;}\u00a0\u00bb][vc_column][vc_column_text]Fugers Food Group B.V., \u00e9tablie 19, Hanzepoort, 7575 DB Oldenzaal, Pays-Bas, est responsable de traitement<\/p>\n","protected":false},"author":1,"featured_media":0,"parent":0,"menu_order":0,"comment_status":"closed","ping_status":"closed","template":"","meta":{"footnotes":""},"class_list":["post-1592","page","type-page","status-publish","hentry"],"yoast_head":"<!-- This site is optimized with the Yoast SEO plugin v26.1.1 - https:\/\/yoast.com\/wordpress\/plugins\/seo\/ -->\n<title>R\u00e8gles de confidentialit\u00e9 - Fugers Food Group BV<\/title>\n<meta name=\"robots\" content=\"index, follow, max-snippet:-1, max-image-preview:large, max-video-preview:-1\" \/>\n<link rel=\"canonical\" href=\"https:\/\/www.fugersfoodgroup.com\/fr\/regles-de-confidentialite\/\" \/>\n<meta property=\"og:locale\" content=\"fr_FR\" \/>\n<meta property=\"og:type\" content=\"article\" \/>\n<meta property=\"og:title\" content=\"R\u00e8gles de confidentialit\u00e9 - Fugers Food Group BV\" \/>\n<meta property=\"og:description\" content=\"[vc_row css=\u00a0\u00bb.vc_custom_1527239751756{padding-top: 50px !important;padding-bottom: 50px !important;}\u00a0\u00bb][vc_column][vc_column_text]Fugers Food Group B.V., \u00e9tablie 19, Hanzepoort, 7575 DB Oldenzaal, Pays-Bas, est responsable de traitement\" \/>\n<meta property=\"og:url\" content=\"https:\/\/www.fugersfoodgroup.com\/fr\/regles-de-confidentialite\/\" \/>\n<meta property=\"og:site_name\" content=\"Fugers Food Group BV\" \/>\n<meta property=\"article:modified_time\" content=\"2018-07-12T15:01:20+00:00\" \/>\n<meta name=\"twitter:card\" content=\"summary_large_image\" \/>\n<meta name=\"twitter:label1\" content=\"Dur\u00e9e de lecture estim\u00e9e\" \/>\n\t<meta name=\"twitter:data1\" content=\"6 minutes\" \/>\n<script type=\"application\/ld+json\" class=\"yoast-schema-graph\">{\"@context\":\"https:\/\/schema.org\",\"@graph\":[{\"@type\":\"WebPage\",\"@id\":\"https:\/\/www.fugersfoodgroup.com\/fr\/regles-de-confidentialite\/\",\"url\":\"https:\/\/www.fugersfoodgroup.com\/fr\/regles-de-confidentialite\/\",\"name\":\"R\u00e8gles de confidentialit\u00e9 - Fugers Food Group BV\",\"isPartOf\":{\"@id\":\"https:\/\/www.fugersfoodgroup.com\/#website\"},\"datePublished\":\"2018-07-12T14:50:04+00:00\",\"dateModified\":\"2018-07-12T15:01:20+00:00\",\"breadcrumb\":{\"@id\":\"https:\/\/www.fugersfoodgroup.com\/fr\/regles-de-confidentialite\/#breadcrumb\"},\"inLanguage\":\"fr-FR\",\"potentialAction\":[{\"@type\":\"ReadAction\",\"target\":[\"https:\/\/www.fugersfoodgroup.com\/fr\/regles-de-confidentialite\/\"]}]},{\"@type\":\"BreadcrumbList\",\"@id\":\"https:\/\/www.fugersfoodgroup.com\/fr\/regles-de-confidentialite\/#breadcrumb\",\"itemListElement\":[{\"@type\":\"ListItem\",\"position\":1,\"name\":\"Home\",\"item\":\"https:\/\/www.fugersfoodgroup.com\/fr\/\"},{\"@type\":\"ListItem\",\"position\":2,\"name\":\"R\u00e8gles de confidentialit\u00e9\"}]},{\"@type\":\"WebSite\",\"@id\":\"https:\/\/www.fugersfoodgroup.com\/#website\",\"url\":\"https:\/\/www.fugersfoodgroup.com\/\",\"name\":\"Fugers Food Group BV\",\"description\":\"Trading &amp; processing\",\"publisher\":{\"@id\":\"https:\/\/www.fugersfoodgroup.com\/#organization\"},\"potentialAction\":[{\"@type\":\"SearchAction\",\"target\":{\"@type\":\"EntryPoint\",\"urlTemplate\":\"https:\/\/www.fugersfoodgroup.com\/?s={search_term_string}\"},\"query-input\":{\"@type\":\"PropertyValueSpecification\",\"valueRequired\":true,\"valueName\":\"search_term_string\"}}],\"inLanguage\":\"fr-FR\"},{\"@type\":\"Organization\",\"@id\":\"https:\/\/www.fugersfoodgroup.com\/#organization\",\"name\":\"Fugers Food Group BV\",\"url\":\"https:\/\/www.fugersfoodgroup.com\/\",\"logo\":{\"@type\":\"ImageObject\",\"inLanguage\":\"fr-FR\",\"@id\":\"https:\/\/www.fugersfoodgroup.com\/#\/schema\/logo\/image\/\",\"url\":\"https:\/\/www.fugersfoodgroup.com\/wp-content\/uploads\/2017\/06\/fugers-food-group-logo.png\",\"contentUrl\":\"https:\/\/www.fugersfoodgroup.com\/wp-content\/uploads\/2017\/06\/fugers-food-group-logo.png\",\"width\":143,\"height\":56,\"caption\":\"Fugers Food Group BV\"},\"image\":{\"@id\":\"https:\/\/www.fugersfoodgroup.com\/#\/schema\/logo\/image\/\"}}]}<\/script>\n<!-- \/ Yoast SEO plugin. -->","yoast_head_json":{"title":"R\u00e8gles de confidentialit\u00e9 - Fugers Food Group BV","robots":{"index":"index","follow":"follow","max-snippet":"max-snippet:-1","max-image-preview":"max-image-preview:large","max-video-preview":"max-video-preview:-1"},"canonical":"https:\/\/www.fugersfoodgroup.com\/fr\/regles-de-confidentialite\/","og_locale":"fr_FR","og_type":"article","og_title":"R\u00e8gles de confidentialit\u00e9 - Fugers Food Group BV","og_description":"[vc_row css=\u00a0\u00bb.vc_custom_1527239751756{padding-top: 50px !important;padding-bottom: 50px !important;}\u00a0\u00bb][vc_column][vc_column_text]Fugers Food Group B.V., \u00e9tablie 19, Hanzepoort, 7575 DB Oldenzaal, Pays-Bas, est responsable de traitement","og_url":"https:\/\/www.fugersfoodgroup.com\/fr\/regles-de-confidentialite\/","og_site_name":"Fugers Food Group BV","article_modified_time":"2018-07-12T15:01:20+00:00","twitter_card":"summary_large_image","twitter_misc":{"Dur\u00e9e de lecture estim\u00e9e":"6 minutes"},"schema":{"@context":"https:\/\/schema.org","@graph":[{"@type":"WebPage","@id":"https:\/\/www.fugersfoodgroup.com\/fr\/regles-de-confidentialite\/","url":"https:\/\/www.fugersfoodgroup.com\/fr\/regles-de-confidentialite\/","name":"R\u00e8gles de confidentialit\u00e9 - Fugers Food Group BV","isPartOf":{"@id":"https:\/\/www.fugersfoodgroup.com\/#website"},"datePublished":"2018-07-12T14:50:04+00:00","dateModified":"2018-07-12T15:01:20+00:00","breadcrumb":{"@id":"https:\/\/www.fugersfoodgroup.com\/fr\/regles-de-confidentialite\/#breadcrumb"},"inLanguage":"fr-FR","potentialAction":[{"@type":"ReadAction","target":["https:\/\/www.fugersfoodgroup.com\/fr\/regles-de-confidentialite\/"]}]},{"@type":"BreadcrumbList","@id":"https:\/\/www.fugersfoodgroup.com\/fr\/regles-de-confidentialite\/#breadcrumb","itemListElement":[{"@type":"ListItem","position":1,"name":"Home","item":"https:\/\/www.fugersfoodgroup.com\/fr\/"},{"@type":"ListItem","position":2,"name":"R\u00e8gles de confidentialit\u00e9"}]},{"@type":"WebSite","@id":"https:\/\/www.fugersfoodgroup.com\/#website","url":"https:\/\/www.fugersfoodgroup.com\/","name":"Fugers Food Group BV","description":"Trading &amp; processing","publisher":{"@id":"https:\/\/www.fugersfoodgroup.com\/#organization"},"potentialAction":[{"@type":"SearchAction","target":{"@type":"EntryPoint","urlTemplate":"https:\/\/www.fugersfoodgroup.com\/?s={search_term_string}"},"query-input":{"@type":"PropertyValueSpecification","valueRequired":true,"valueName":"search_term_string"}}],"inLanguage":"fr-FR"},{"@type":"Organization","@id":"https:\/\/www.fugersfoodgroup.com\/#organization","name":"Fugers Food Group BV","url":"https:\/\/www.fugersfoodgroup.com\/","logo":{"@type":"ImageObject","inLanguage":"fr-FR","@id":"https:\/\/www.fugersfoodgroup.com\/#\/schema\/logo\/image\/","url":"https:\/\/www.fugersfoodgroup.com\/wp-content\/uploads\/2017\/06\/fugers-food-group-logo.png","contentUrl":"https:\/\/www.fugersfoodgroup.com\/wp-content\/uploads\/2017\/06\/fugers-food-group-logo.png","width":143,"height":56,"caption":"Fugers Food Group BV"},"image":{"@id":"https:\/\/www.fugersfoodgroup.com\/#\/schema\/logo\/image\/"}}]}},"_links":{"self":[{"href":"https:\/\/www.fugersfoodgroup.com\/fr\/wp-json\/wp\/v2\/pages\/1592\/"}],"collection":[{"href":"https:\/\/www.fugersfoodgroup.com\/fr\/wp-json\/wp\/v2\/pages\/"}],"about":[{"href":"https:\/\/www.fugersfoodgroup.com\/fr\/wp-json\/wp\/v2\/types\/page\/"}],"author":[{"embeddable":true,"href":"https:\/\/www.fugersfoodgroup.com\/fr\/wp-json\/wp\/v2\/users\/1\/"}],"replies":[{"embeddable":true,"href":"https:\/\/www.fugersfoodgroup.com\/fr\/wp-json\/wp\/v2\/comments\/?post=1592"}],"version-history":[{"count":3,"href":"https:\/\/www.fugersfoodgroup.com\/fr\/wp-json\/wp\/v2\/pages\/1592\/revisions\/"}],"predecessor-version":[{"id":1599,"href":"https:\/\/www.fugersfoodgroup.com\/fr\/wp-json\/wp\/v2\/pages\/1592\/revisions\/1599\/"}],"wp:attachment":[{"href":"https:\/\/www.fugersfoodgroup.com\/fr\/wp-json\/wp\/v2\/media\/?parent=1592"}],"curies":[{"name":"wp","href":"https:\/\/api.w.org\/{rel}","templated":true}]}}