{"id":1606,"date":"2018-07-12T17:13:10","date_gmt":"2018-07-12T15:13:10","guid":{"rendered":"http:\/\/www.fugersfoodgroup.com\/disclaimer\/"},"modified":"2018-07-12T17:13:11","modified_gmt":"2018-07-12T15:13:11","slug":"disclaimer","status":"publish","type":"page","link":"https:\/\/www.fugersfoodgroup.com\/fr\/disclaimer\/","title":{"rendered":"Disclaimer"},"content":{"rendered":"<section class=\"wpb-content-wrapper\"><p>[vc_row css=\u00a0\u00bb.vc_custom_1527239810336{padding-top: 50px !important;padding-bottom: 50px !important;}\u00a0\u00bb][vc_column][vc_column_text]<\/p>\n<h2>Clause de non responsabilit\u00e9 \u2013 Disclaimer<\/h2>\n<p>Malgr\u00e9 tout le soin et l&rsquo;attention apport\u00e9s en continu \u00e0 la composition de ce site et aux donn\u00e9es qui y sont pr\u00e9sent\u00e9es, Fugers Food Group B.V. ne saurait garantir la compl\u00e9tude, l&rsquo;exactitude ou le caract\u00e8re actuel des donn\u00e9es et du contenu du site. Fugers Food Group B.V. d\u00e9cline toute responsabilit\u00e9 pour un dommage direct ou indirect, quelle qu&rsquo;en soit la nature, d\u00e9coulant directement ou relatif d&rsquo;une mani\u00e8re quelconque \u00e0 l&rsquo;usage du site ou \u00e0 l&rsquo;acc\u00e8s ou non \u00e0 ce site.<\/p>\n<p>Les commentaires et les avis exprim\u00e9s dans les articles et les annonces publi\u00e9s sur les pages du pr\u00e9sent site rel\u00e8vent de la responsabilit\u00e9 du ou des auteurs et non (n\u00e9cessairement) de celle du Webmaster, du fournisseur d&rsquo;acc\u00e8s ou de Fugers Food Group B.V. Fugers Food Group B.V. ne saurait en aucune mani\u00e8re \u00eatre tenue pour responsable du contenu de ces textes et d\u00e9cline toute responsabilit\u00e9 pour un dommage direct ou indirect quelconque d\u00e9coulant des avis ou commentaires exprim\u00e9s.<\/p>\n<p>Fugers Food Group B.V. ne saurait garantir que les informations diffus\u00e9es sur le pr\u00e9sent site sont adapt\u00e9es aux fins pour lesquels vous consultez lesdites informations. Toutes les informations, tous les produits et tous les services sont propos\u00e9s en l&rsquo;\u00e9tat dans lequel ils se trouvent de facto et sans la moindre garantie (implicite) concernant leur ad\u00e9quation ou adaptation \u00e0 une fin d\u00e9termin\u00e9e ou autre.<\/p>\n<p>Les informations pr\u00e9sent\u00e9es sur le pr\u00e9sent site sont r\u00e9guli\u00e8rement compl\u00e9t\u00e9es ou modifi\u00e9es. Fugers Food Group B.V. se r\u00e9serve le droit exclusif d&rsquo;apporter \u00e0 sa seule discr\u00e9tion des modifications \u00e9ventuelles qui deviennent applicables d\u00e8s leur publication et sans avertissement pr\u00e9alable.<\/p>\n<h2>Liens vers d&rsquo;autres sites Web<\/h2>\n<p>Diff\u00e9rents liens dirigeant vers d&rsquo;autres sites sont propos\u00e9s sur le pr\u00e9sent site. Fugers Food Group B.V. d\u00e9cline toute responsabilit\u00e9 quant au contenu de ces sites et\/ou \u00e0 la mani\u00e8re dont lesdits sites traitent vos donn\u00e9es (\u00e0 caract\u00e8re personnel). \u00c0 ce sujet, nous vous recommandons de consulter, si pr\u00e9sentes, la politique de confidentialit\u00e9, la clause de non responsabilit\u00e9, la notice sur les droits d&rsquo;auteur et les conditions g\u00e9n\u00e9rales des sites que vous visitez.[\/vc_column_text][\/vc_column][\/vc_row]<\/p>\n<\/section>","protected":false},"excerpt":{"rendered":"<p>[vc_row css=\u00a0\u00bb.vc_custom_1527239810336{padding-top: 50px !important;padding-bottom: 50px !important;}\u00a0\u00bb][vc_column][vc_column_text] Clause de non responsabilit\u00e9 \u2013 Disclaimer Malgr\u00e9 tout le soin et l&rsquo;attention apport\u00e9s en<\/p>\n","protected":false},"author":1,"featured_media":0,"parent":0,"menu_order":0,"comment_status":"closed","ping_status":"closed","template":"","meta":{"footnotes":""},"class_list":["post-1606","page","type-page","status-publish","hentry"],"yoast_head":"<!-- This site is optimized with the Yoast SEO plugin v27.4 - https:\/\/yoast.com\/product\/yoast-seo-wordpress\/ -->\n<title>Disclaimer - Fugers Food Group BV<\/title>\n<meta name=\"robots\" content=\"index, follow, max-snippet:-1, max-image-preview:large, max-video-preview:-1\" \/>\n<link rel=\"canonical\" href=\"https:\/\/www.fugersfoodgroup.com\/fr\/disclaimer\/\" \/>\n<meta property=\"og:locale\" content=\"fr_FR\" \/>\n<meta property=\"og:type\" content=\"article\" \/>\n<meta property=\"og:title\" content=\"Disclaimer - Fugers Food Group BV\" \/>\n<meta property=\"og:description\" content=\"[vc_row css=\u00a0\u00bb.vc_custom_1527239810336{padding-top: 50px !important;padding-bottom: 50px !important;}\u00a0\u00bb][vc_column][vc_column_text] Clause de non responsabilit\u00e9 \u2013 Disclaimer Malgr\u00e9 tout le soin et l&rsquo;attention apport\u00e9s en\" \/>\n<meta property=\"og:url\" content=\"https:\/\/www.fugersfoodgroup.com\/fr\/disclaimer\/\" \/>\n<meta property=\"og:site_name\" content=\"Fugers Food Group BV\" \/>\n<meta property=\"article:modified_time\" content=\"2018-07-12T15:13:11+00:00\" \/>\n<meta name=\"twitter:card\" content=\"summary_large_image\" \/>\n<meta name=\"twitter:label1\" content=\"Dur\u00e9e de lecture estim\u00e9e\" \/>\n\t<meta name=\"twitter:data1\" content=\"2 minutes\" \/>\n<script type=\"application\/ld+json\" class=\"yoast-schema-graph\">{\"@context\":\"https:\\\/\\\/schema.org\",\"@graph\":[{\"@type\":\"WebPage\",\"@id\":\"https:\\\/\\\/www.fugersfoodgroup.com\\\/fr\\\/disclaimer\\\/\",\"url\":\"https:\\\/\\\/www.fugersfoodgroup.com\\\/fr\\\/disclaimer\\\/\",\"name\":\"Disclaimer - Fugers Food Group BV\",\"isPartOf\":{\"@id\":\"https:\\\/\\\/www.fugersfoodgroup.com\\\/#website\"},\"datePublished\":\"2018-07-12T15:13:10+00:00\",\"dateModified\":\"2018-07-12T15:13:11+00:00\",\"breadcrumb\":{\"@id\":\"https:\\\/\\\/www.fugersfoodgroup.com\\\/fr\\\/disclaimer\\\/#breadcrumb\"},\"inLanguage\":\"fr-FR\",\"potentialAction\":[{\"@type\":\"ReadAction\",\"target\":[\"https:\\\/\\\/www.fugersfoodgroup.com\\\/fr\\\/disclaimer\\\/\"]}]},{\"@type\":\"BreadcrumbList\",\"@id\":\"https:\\\/\\\/www.fugersfoodgroup.com\\\/fr\\\/disclaimer\\\/#breadcrumb\",\"itemListElement\":[{\"@type\":\"ListItem\",\"position\":1,\"name\":\"Home\",\"item\":\"https:\\\/\\\/www.fugersfoodgroup.com\\\/fr\\\/\"},{\"@type\":\"ListItem\",\"position\":2,\"name\":\"Disclaimer\"}]},{\"@type\":\"WebSite\",\"@id\":\"https:\\\/\\\/www.fugersfoodgroup.com\\\/#website\",\"url\":\"https:\\\/\\\/www.fugersfoodgroup.com\\\/\",\"name\":\"Fugers Food Group BV\",\"description\":\"Trading &amp; processing\",\"publisher\":{\"@id\":\"https:\\\/\\\/www.fugersfoodgroup.com\\\/#organization\"},\"potentialAction\":[{\"@type\":\"SearchAction\",\"target\":{\"@type\":\"EntryPoint\",\"urlTemplate\":\"https:\\\/\\\/www.fugersfoodgroup.com\\\/?s={search_term_string}\"},\"query-input\":{\"@type\":\"PropertyValueSpecification\",\"valueRequired\":true,\"valueName\":\"search_term_string\"}}],\"inLanguage\":\"fr-FR\"},{\"@type\":\"Organization\",\"@id\":\"https:\\\/\\\/www.fugersfoodgroup.com\\\/#organization\",\"name\":\"Fugers Food Group BV\",\"url\":\"https:\\\/\\\/www.fugersfoodgroup.com\\\/\",\"logo\":{\"@type\":\"ImageObject\",\"inLanguage\":\"fr-FR\",\"@id\":\"https:\\\/\\\/www.fugersfoodgroup.com\\\/#\\\/schema\\\/logo\\\/image\\\/\",\"url\":\"https:\\\/\\\/www.fugersfoodgroup.com\\\/wp-content\\\/uploads\\\/2017\\\/06\\\/fugers-food-group-logo.png\",\"contentUrl\":\"https:\\\/\\\/www.fugersfoodgroup.com\\\/wp-content\\\/uploads\\\/2017\\\/06\\\/fugers-food-group-logo.png\",\"width\":143,\"height\":56,\"caption\":\"Fugers Food Group BV\"},\"image\":{\"@id\":\"https:\\\/\\\/www.fugersfoodgroup.com\\\/#\\\/schema\\\/logo\\\/image\\\/\"}}]}<\/script>\n<!-- \/ Yoast SEO plugin. -->","yoast_head_json":{"title":"Disclaimer - Fugers Food Group BV","robots":{"index":"index","follow":"follow","max-snippet":"max-snippet:-1","max-image-preview":"max-image-preview:large","max-video-preview":"max-video-preview:-1"},"canonical":"https:\/\/www.fugersfoodgroup.com\/fr\/disclaimer\/","og_locale":"fr_FR","og_type":"article","og_title":"Disclaimer - Fugers Food Group BV","og_description":"[vc_row css=\u00a0\u00bb.vc_custom_1527239810336{padding-top: 50px !important;padding-bottom: 50px !important;}\u00a0\u00bb][vc_column][vc_column_text] Clause de non responsabilit\u00e9 \u2013 Disclaimer Malgr\u00e9 tout le soin et l&rsquo;attention apport\u00e9s en","og_url":"https:\/\/www.fugersfoodgroup.com\/fr\/disclaimer\/","og_site_name":"Fugers Food Group BV","article_modified_time":"2018-07-12T15:13:11+00:00","twitter_card":"summary_large_image","twitter_misc":{"Dur\u00e9e de lecture estim\u00e9e":"2 minutes"},"schema":{"@context":"https:\/\/schema.org","@graph":[{"@type":"WebPage","@id":"https:\/\/www.fugersfoodgroup.com\/fr\/disclaimer\/","url":"https:\/\/www.fugersfoodgroup.com\/fr\/disclaimer\/","name":"Disclaimer - Fugers Food Group BV","isPartOf":{"@id":"https:\/\/www.fugersfoodgroup.com\/#website"},"datePublished":"2018-07-12T15:13:10+00:00","dateModified":"2018-07-12T15:13:11+00:00","breadcrumb":{"@id":"https:\/\/www.fugersfoodgroup.com\/fr\/disclaimer\/#breadcrumb"},"inLanguage":"fr-FR","potentialAction":[{"@type":"ReadAction","target":["https:\/\/www.fugersfoodgroup.com\/fr\/disclaimer\/"]}]},{"@type":"BreadcrumbList","@id":"https:\/\/www.fugersfoodgroup.com\/fr\/disclaimer\/#breadcrumb","itemListElement":[{"@type":"ListItem","position":1,"name":"Home","item":"https:\/\/www.fugersfoodgroup.com\/fr\/"},{"@type":"ListItem","position":2,"name":"Disclaimer"}]},{"@type":"WebSite","@id":"https:\/\/www.fugersfoodgroup.com\/#website","url":"https:\/\/www.fugersfoodgroup.com\/","name":"Fugers Food Group BV","description":"Trading &amp; processing","publisher":{"@id":"https:\/\/www.fugersfoodgroup.com\/#organization"},"potentialAction":[{"@type":"SearchAction","target":{"@type":"EntryPoint","urlTemplate":"https:\/\/www.fugersfoodgroup.com\/?s={search_term_string}"},"query-input":{"@type":"PropertyValueSpecification","valueRequired":true,"valueName":"search_term_string"}}],"inLanguage":"fr-FR"},{"@type":"Organization","@id":"https:\/\/www.fugersfoodgroup.com\/#organization","name":"Fugers Food Group BV","url":"https:\/\/www.fugersfoodgroup.com\/","logo":{"@type":"ImageObject","inLanguage":"fr-FR","@id":"https:\/\/www.fugersfoodgroup.com\/#\/schema\/logo\/image\/","url":"https:\/\/www.fugersfoodgroup.com\/wp-content\/uploads\/2017\/06\/fugers-food-group-logo.png","contentUrl":"https:\/\/www.fugersfoodgroup.com\/wp-content\/uploads\/2017\/06\/fugers-food-group-logo.png","width":143,"height":56,"caption":"Fugers Food Group BV"},"image":{"@id":"https:\/\/www.fugersfoodgroup.com\/#\/schema\/logo\/image\/"}}]}},"_links":{"self":[{"href":"https:\/\/www.fugersfoodgroup.com\/fr\/wp-json\/wp\/v2\/pages\/1606\/"}],"collection":[{"href":"https:\/\/www.fugersfoodgroup.com\/fr\/wp-json\/wp\/v2\/pages\/"}],"about":[{"href":"https:\/\/www.fugersfoodgroup.com\/fr\/wp-json\/wp\/v2\/types\/page\/"}],"author":[{"embeddable":true,"href":"https:\/\/www.fugersfoodgroup.com\/fr\/wp-json\/wp\/v2\/users\/1\/"}],"replies":[{"embeddable":true,"href":"https:\/\/www.fugersfoodgroup.com\/fr\/wp-json\/wp\/v2\/comments\/?post=1606"}],"version-history":[{"count":1,"href":"https:\/\/www.fugersfoodgroup.com\/fr\/wp-json\/wp\/v2\/pages\/1606\/revisions\/"}],"predecessor-version":[{"id":1607,"href":"https:\/\/www.fugersfoodgroup.com\/fr\/wp-json\/wp\/v2\/pages\/1606\/revisions\/1607\/"}],"wp:attachment":[{"href":"https:\/\/www.fugersfoodgroup.com\/fr\/wp-json\/wp\/v2\/media\/?parent=1606"}],"curies":[{"name":"wp","href":"https:\/\/api.w.org\/{rel}","templated":true}]}}