{"id":2342,"date":"2023-02-09T11:20:47","date_gmt":"2023-02-09T10:20:47","guid":{"rendered":"https:\/\/www.fugersfoodgroup.com\/qualite\/"},"modified":"2025-10-13T12:06:04","modified_gmt":"2025-10-13T10:06:04","slug":"qualite","status":"publish","type":"page","link":"https:\/\/www.fugersfoodgroup.com\/fr\/qualite\/","title":{"rendered":"Qualit\u00e9"},"content":{"rendered":"<section class=\"wpb-content-wrapper\"><p>[vc_row full_width=\u00a0\u00bbstretch_row_content_no_spaces\u00a0\u00bb equal_height=\u00a0\u00bbyes\u00a0\u00bb][vc_column width=\u00a0\u00bb1\/2&Prime; css=\u00a0\u00bb.vc_custom_1675936719364{padding-top: 100px !important;padding-right: 50px !important;padding-bottom: 100px !important;padding-left: 50px !important;background-image: url(https:\/\/www.fugersfoodgroup.com\/wp-content\/uploads\/2023\/02\/fugers-food-group-kwaliteit-12.jpg?id=2312) !important;background-position: center !important;background-repeat: no-repeat !important;background-size: cover !important;}\u00a0\u00bb][\/vc_column][vc_column width=\u00a0\u00bb1\/2&Prime; basel_color_scheme=\u00a0\u00bblight\u00a0\u00bb css=\u00a0\u00bb.vc_custom_1675936830560{padding-top: 50px !important;padding-right: 50px !important;padding-bottom: 50px !important;padding-left: 50px !important;background-color: #4c4c4c !important;}\u00a0\u00bb][vc_column_text]Jour apr\u00e8s jour, nous recherchons la qualit\u00e9 dans toutes les facettes de notre entreprise. Il s\u2019agit non seulement de la s\u00e9lection des mati\u00e8res premi\u00e8res de haute qualit\u00e9, mais \u00e9galement d\u2019une qualit\u00e9 optimale au niveau de la cha\u00eene de production et des services ax\u00e9s sur la serviabilit\u00e9.<\/p>\n<h2>Mati\u00e8res premi\u00e8res de haute qualit\u00e9<\/h2>\n<p>Les ingr\u00e9dients de base de chaque pizza baguette qui quitte notre usine sont : pain, sauce, l\u00e9gumes, viande ou poisson et fromage. Pour chaque ingr\u00e9dient, nous recherchons le meilleur fournisseur. Ainsi, nous veillons \u00e0 ce que nos baguettes aient le go\u00fbt optimal que vous m\u00e9ritez. Une partie de notre assortiment d\u00e9tient un certificat de qualit\u00e9 obtenu de la Deutsche Landwirtschafts-Gesellschaft (DLG). Cette organisation allemande contr\u00f4le chaque ann\u00e9e les aliments au niveau de leur aspect, odeur, go\u00fbt et composition. L\u2019initiative pour ce contr\u00f4le annuel se trouve chez le d\u00e9taillant.[\/vc_column_text][\/vc_column][\/vc_row][vc_row full_width=\u00a0\u00bbstretch_row_content_no_spaces\u00a0\u00bb equal_height=\u00a0\u00bbyes\u00a0\u00bb][vc_column width=\u00a0\u00bb1\/2&Prime; basel_color_scheme=\u00a0\u00bbdark\u00a0\u00bb css=\u00a0\u00bb.vc_custom_1675936898315{padding-top: 50px !important;padding-right: 50px !important;padding-bottom: 50px !important;padding-left: 50px !important;background-color: #ebebeb !important;}\u00a0\u00bb][vc_column_text]<\/p>\n<h2>Qualit\u00e9 de produit<\/h2>\n<p>Pour r\u00e9aliser un produit de qualit\u00e9 \u00e9lev\u00e9e, il existe chez Fugers Food Group un processus de certification annuel. Il s\u2019agit alors de certificats en rapport avec la s\u00e9curit\u00e9 alimentaire :<\/p>\n<ul>\n<li><a href=\"https:\/\/www.fugersfoodgroup.com\/wp-content\/uploads\/2025\/10\/BRC-25-11-2026.pdf\">BRC<\/a><\/li>\n<li><a href=\"https:\/\/www.fugersfoodgroup.com\/wp-content\/uploads\/2025\/10\/IFS-01-12-2026.pdf\">IFS<\/a><\/li>\n<\/ul>\n<p>De plus, la tra\u00e7abilit\u00e9 constitue un \u00e9l\u00e9ment essentiel dans notre processus de production. Ainsi, il est possible de retracer pour chaque produit l\u2019historique de l\u2019enti\u00e8re cha\u00eene de production. Il suffit de penser \u00e0 l\u2019origine des mati\u00e8res premi\u00e8res, au moment de traitement et aux donn\u00e9es sur l\u2019entreposage, le transport et la vente. Le fait de correctement pouvoir retracer les produits augmente la fiabilit\u00e9 et le niveau de service.[\/vc_column_text][\/vc_column][vc_column width=\u00a0\u00bb1\/2&Prime; css=\u00a0\u00bb.vc_custom_1675936931434{padding-top: 100px !important;padding-right: 50px !important;padding-bottom: 100px !important;padding-left: 50px !important;background-image: url(https:\/\/www.fugersfoodgroup.com\/wp-content\/uploads\/2017\/07\/fugers-food-group-kwaliteit-2.jpg?id=752) !important;background-position: center !important;background-repeat: no-repeat !important;background-size: cover !important;}\u00a0\u00bb][\/vc_column][\/vc_row][vc_row full_width=\u00a0\u00bbstretch_row_content_no_spaces\u00a0\u00bb equal_height=\u00a0\u00bbyes\u00a0\u00bb][vc_column width=\u00a0\u00bb1\/2&Prime; css=\u00a0\u00bb.vc_custom_1675937068886{padding-top: 100px !important;padding-right: 50px !important;padding-bottom: 100px !important;padding-left: 50px !important;background-image: url(https:\/\/www.fugersfoodgroup.com\/wp-content\/uploads\/2017\/07\/fugers-food-group-kwaliteit-3.jpg?id=753) !important;background-position: center !important;background-repeat: no-repeat !important;background-size: cover !important;}\u00a0\u00bb][\/vc_column][vc_column width=\u00a0\u00bb1\/2&Prime; basel_color_scheme=\u00a0\u00bblight\u00a0\u00bb css=\u00a0\u00bb.vc_custom_1675936830560{padding-top: 50px !important;padding-right: 50px !important;padding-bottom: 50px !important;padding-left: 50px !important;background-color: #4c4c4c !important;}\u00a0\u00bb][vc_column_text]<\/p>\n<h2>Quality Assurance<\/h2>\n<p>Chez FFG, le contr\u00f4le de qualit\u00e9 est un priorit\u00e9. QC (Quality Control) est responsable pour tous les flux de documents, pour l\u2019hygi\u00e8ne sur le lieu de travail et pour les contr\u00f4les de qualit\u00e9 en interne. Ainsi, QC prend notamment soin du contr\u00f4le d\u2019entr\u00e9e des produits entrants, tels que les emballages et les mati\u00e8res premi\u00e8res.<\/p>\n<p>Il y a aussi beaucoup d\u2019attention pour l\u2019assurance de qualit\u00e9 (QA). QA accompagne le parcours de certification, effectue des audits internes et g\u00e8re le traitement des plaintes. En outre, QA est responsable de l\u2019impression des emballages (y compris les recettes) conform\u00e9ment aux directives l\u00e9gales. Il y a une processe continue d\u2019am\u00e9liorer les produits et les processes. Tous efforts on pour but de produire un produit savoureux et s\u00fbr pour vous.[\/vc_column_text][\/vc_column][\/vc_row]<\/p>\n<\/section>","protected":false},"excerpt":{"rendered":"<p>[vc_row full_width=\u00a0\u00bbstretch_row_content_no_spaces\u00a0\u00bb equal_height=\u00a0\u00bbyes\u00a0\u00bb][vc_column width=\u00a0\u00bb1\/2&Prime; css=\u00a0\u00bb.vc_custom_1675936719364{padding-top: 100px !important;padding-right: 50px !important;padding-bottom: 100px !important;padding-left: 50px !important;background-image: url(https:\/\/www.fugersfoodgroup.com\/wp-content\/uploads\/2023\/02\/fugers-food-group-kwaliteit-12.jpg?id=2312) !important;background-position: center !important;background-repeat: no-repeat !important;background-size: cover<\/p>\n","protected":false},"author":1,"featured_media":0,"parent":0,"menu_order":0,"comment_status":"closed","ping_status":"closed","template":"","meta":{"footnotes":""},"class_list":["post-2342","page","type-page","status-publish","hentry"],"yoast_head":"<!-- This site is optimized with the Yoast SEO plugin v26.1.1 - https:\/\/yoast.com\/wordpress\/plugins\/seo\/ -->\n<title>Qualit\u00e9 - Fugers Food Group BV<\/title>\n<meta name=\"robots\" content=\"index, follow, max-snippet:-1, max-image-preview:large, max-video-preview:-1\" \/>\n<link rel=\"canonical\" href=\"https:\/\/www.fugersfoodgroup.com\/fr\/qualite\/\" \/>\n<meta property=\"og:locale\" content=\"fr_FR\" \/>\n<meta property=\"og:type\" content=\"article\" \/>\n<meta property=\"og:title\" content=\"Qualit\u00e9 - Fugers Food Group BV\" \/>\n<meta property=\"og:description\" content=\"[vc_row full_width=\u00a0\u00bbstretch_row_content_no_spaces\u00a0\u00bb equal_height=\u00a0\u00bbyes\u00a0\u00bb][vc_column width=\u00a0\u00bb1\/2&Prime; css=\u00a0\u00bb.vc_custom_1675936719364{padding-top: 100px !important;padding-right: 50px !important;padding-bottom: 100px !important;padding-left: 50px !important;background-image: url(https:\/\/www.fugersfoodgroup.com\/wp-content\/uploads\/2023\/02\/fugers-food-group-kwaliteit-12.jpg?id=2312) !important;background-position: center !important;background-repeat: no-repeat !important;background-size: cover\" \/>\n<meta property=\"og:url\" content=\"https:\/\/www.fugersfoodgroup.com\/fr\/qualite\/\" \/>\n<meta property=\"og:site_name\" content=\"Fugers Food Group BV\" \/>\n<meta property=\"article:modified_time\" content=\"2025-10-13T10:06:04+00:00\" \/>\n<meta name=\"twitter:card\" content=\"summary_large_image\" \/>\n<meta name=\"twitter:label1\" content=\"Dur\u00e9e de lecture estim\u00e9e\" \/>\n\t<meta name=\"twitter:data1\" content=\"3 minutes\" \/>\n<script type=\"application\/ld+json\" class=\"yoast-schema-graph\">{\"@context\":\"https:\/\/schema.org\",\"@graph\":[{\"@type\":\"WebPage\",\"@id\":\"https:\/\/www.fugersfoodgroup.com\/fr\/qualite\/\",\"url\":\"https:\/\/www.fugersfoodgroup.com\/fr\/qualite\/\",\"name\":\"Qualit\u00e9 - Fugers Food Group BV\",\"isPartOf\":{\"@id\":\"https:\/\/www.fugersfoodgroup.com\/#website\"},\"datePublished\":\"2023-02-09T10:20:47+00:00\",\"dateModified\":\"2025-10-13T10:06:04+00:00\",\"breadcrumb\":{\"@id\":\"https:\/\/www.fugersfoodgroup.com\/fr\/qualite\/#breadcrumb\"},\"inLanguage\":\"fr-FR\",\"potentialAction\":[{\"@type\":\"ReadAction\",\"target\":[\"https:\/\/www.fugersfoodgroup.com\/fr\/qualite\/\"]}]},{\"@type\":\"BreadcrumbList\",\"@id\":\"https:\/\/www.fugersfoodgroup.com\/fr\/qualite\/#breadcrumb\",\"itemListElement\":[{\"@type\":\"ListItem\",\"position\":1,\"name\":\"Home\",\"item\":\"https:\/\/www.fugersfoodgroup.com\/fr\/\"},{\"@type\":\"ListItem\",\"position\":2,\"name\":\"Qualit\u00e9\"}]},{\"@type\":\"WebSite\",\"@id\":\"https:\/\/www.fugersfoodgroup.com\/#website\",\"url\":\"https:\/\/www.fugersfoodgroup.com\/\",\"name\":\"Fugers Food Group BV\",\"description\":\"Trading &amp; processing\",\"publisher\":{\"@id\":\"https:\/\/www.fugersfoodgroup.com\/#organization\"},\"potentialAction\":[{\"@type\":\"SearchAction\",\"target\":{\"@type\":\"EntryPoint\",\"urlTemplate\":\"https:\/\/www.fugersfoodgroup.com\/?s={search_term_string}\"},\"query-input\":{\"@type\":\"PropertyValueSpecification\",\"valueRequired\":true,\"valueName\":\"search_term_string\"}}],\"inLanguage\":\"fr-FR\"},{\"@type\":\"Organization\",\"@id\":\"https:\/\/www.fugersfoodgroup.com\/#organization\",\"name\":\"Fugers Food Group BV\",\"url\":\"https:\/\/www.fugersfoodgroup.com\/\",\"logo\":{\"@type\":\"ImageObject\",\"inLanguage\":\"fr-FR\",\"@id\":\"https:\/\/www.fugersfoodgroup.com\/#\/schema\/logo\/image\/\",\"url\":\"https:\/\/www.fugersfoodgroup.com\/wp-content\/uploads\/2017\/06\/fugers-food-group-logo.png\",\"contentUrl\":\"https:\/\/www.fugersfoodgroup.com\/wp-content\/uploads\/2017\/06\/fugers-food-group-logo.png\",\"width\":143,\"height\":56,\"caption\":\"Fugers Food Group BV\"},\"image\":{\"@id\":\"https:\/\/www.fugersfoodgroup.com\/#\/schema\/logo\/image\/\"}}]}<\/script>\n<!-- \/ Yoast SEO plugin. -->","yoast_head_json":{"title":"Qualit\u00e9 - Fugers Food Group BV","robots":{"index":"index","follow":"follow","max-snippet":"max-snippet:-1","max-image-preview":"max-image-preview:large","max-video-preview":"max-video-preview:-1"},"canonical":"https:\/\/www.fugersfoodgroup.com\/fr\/qualite\/","og_locale":"fr_FR","og_type":"article","og_title":"Qualit\u00e9 - Fugers Food Group BV","og_description":"[vc_row full_width=\u00a0\u00bbstretch_row_content_no_spaces\u00a0\u00bb equal_height=\u00a0\u00bbyes\u00a0\u00bb][vc_column width=\u00a0\u00bb1\/2&Prime; css=\u00a0\u00bb.vc_custom_1675936719364{padding-top: 100px !important;padding-right: 50px !important;padding-bottom: 100px !important;padding-left: 50px !important;background-image: url(https:\/\/www.fugersfoodgroup.com\/wp-content\/uploads\/2023\/02\/fugers-food-group-kwaliteit-12.jpg?id=2312) !important;background-position: center !important;background-repeat: no-repeat !important;background-size: cover","og_url":"https:\/\/www.fugersfoodgroup.com\/fr\/qualite\/","og_site_name":"Fugers Food Group BV","article_modified_time":"2025-10-13T10:06:04+00:00","twitter_card":"summary_large_image","twitter_misc":{"Dur\u00e9e de lecture estim\u00e9e":"3 minutes"},"schema":{"@context":"https:\/\/schema.org","@graph":[{"@type":"WebPage","@id":"https:\/\/www.fugersfoodgroup.com\/fr\/qualite\/","url":"https:\/\/www.fugersfoodgroup.com\/fr\/qualite\/","name":"Qualit\u00e9 - Fugers Food Group BV","isPartOf":{"@id":"https:\/\/www.fugersfoodgroup.com\/#website"},"datePublished":"2023-02-09T10:20:47+00:00","dateModified":"2025-10-13T10:06:04+00:00","breadcrumb":{"@id":"https:\/\/www.fugersfoodgroup.com\/fr\/qualite\/#breadcrumb"},"inLanguage":"fr-FR","potentialAction":[{"@type":"ReadAction","target":["https:\/\/www.fugersfoodgroup.com\/fr\/qualite\/"]}]},{"@type":"BreadcrumbList","@id":"https:\/\/www.fugersfoodgroup.com\/fr\/qualite\/#breadcrumb","itemListElement":[{"@type":"ListItem","position":1,"name":"Home","item":"https:\/\/www.fugersfoodgroup.com\/fr\/"},{"@type":"ListItem","position":2,"name":"Qualit\u00e9"}]},{"@type":"WebSite","@id":"https:\/\/www.fugersfoodgroup.com\/#website","url":"https:\/\/www.fugersfoodgroup.com\/","name":"Fugers Food Group BV","description":"Trading &amp; processing","publisher":{"@id":"https:\/\/www.fugersfoodgroup.com\/#organization"},"potentialAction":[{"@type":"SearchAction","target":{"@type":"EntryPoint","urlTemplate":"https:\/\/www.fugersfoodgroup.com\/?s={search_term_string}"},"query-input":{"@type":"PropertyValueSpecification","valueRequired":true,"valueName":"search_term_string"}}],"inLanguage":"fr-FR"},{"@type":"Organization","@id":"https:\/\/www.fugersfoodgroup.com\/#organization","name":"Fugers Food Group BV","url":"https:\/\/www.fugersfoodgroup.com\/","logo":{"@type":"ImageObject","inLanguage":"fr-FR","@id":"https:\/\/www.fugersfoodgroup.com\/#\/schema\/logo\/image\/","url":"https:\/\/www.fugersfoodgroup.com\/wp-content\/uploads\/2017\/06\/fugers-food-group-logo.png","contentUrl":"https:\/\/www.fugersfoodgroup.com\/wp-content\/uploads\/2017\/06\/fugers-food-group-logo.png","width":143,"height":56,"caption":"Fugers Food Group BV"},"image":{"@id":"https:\/\/www.fugersfoodgroup.com\/#\/schema\/logo\/image\/"}}]}},"_links":{"self":[{"href":"https:\/\/www.fugersfoodgroup.com\/fr\/wp-json\/wp\/v2\/pages\/2342\/"}],"collection":[{"href":"https:\/\/www.fugersfoodgroup.com\/fr\/wp-json\/wp\/v2\/pages\/"}],"about":[{"href":"https:\/\/www.fugersfoodgroup.com\/fr\/wp-json\/wp\/v2\/types\/page\/"}],"author":[{"embeddable":true,"href":"https:\/\/www.fugersfoodgroup.com\/fr\/wp-json\/wp\/v2\/users\/1\/"}],"replies":[{"embeddable":true,"href":"https:\/\/www.fugersfoodgroup.com\/fr\/wp-json\/wp\/v2\/comments\/?post=2342"}],"version-history":[{"count":3,"href":"https:\/\/www.fugersfoodgroup.com\/fr\/wp-json\/wp\/v2\/pages\/2342\/revisions\/"}],"predecessor-version":[{"id":2634,"href":"https:\/\/www.fugersfoodgroup.com\/fr\/wp-json\/wp\/v2\/pages\/2342\/revisions\/2634\/"}],"wp:attachment":[{"href":"https:\/\/www.fugersfoodgroup.com\/fr\/wp-json\/wp\/v2\/media\/?parent=2342"}],"curies":[{"name":"wp","href":"https:\/\/api.w.org\/{rel}","templated":true}]}}