{"id":259,"date":"2017-07-14T13:51:46","date_gmt":"2017-07-14T11:51:46","guid":{"rendered":"http:\/\/www.fugersfoodgroup.com\/qui-sommes-nous\/"},"modified":"2024-04-09T11:42:20","modified_gmt":"2024-04-09T09:42:20","slug":"qui-sommes-nous","status":"publish","type":"page","link":"https:\/\/www.fugersfoodgroup.com\/fr\/qui-sommes-nous\/","title":{"rendered":"Qui sommes-nous"},"content":{"rendered":"<section class=\"wpb-content-wrapper\"><p>[vc_row full_width=\u00a0\u00bbstretch_row_content_no_spaces\u00a0\u00bb equal_height=\u00a0\u00bbyes\u00a0\u00bb content_placement=\u00a0\u00bbmiddle\u00a0\u00bb][vc_column width=\u00a0\u00bb1\/2&Prime; css=\u00a0\u00bb.vc_custom_1570454304548{padding-top: 100px !important;padding-right: 50px !important;padding-bottom: 100px !important;padding-left: 50px !important;background-image: url(http:\/\/www.fugersfoodgroup.com\/wp-content\/uploads\/2019\/09\/fugers-food-group-vestiging.jpg?id=2017) !important;background-position: center !important;background-repeat: no-repeat !important;background-size: cover !important;}\u00a0\u00bb][\/vc_column][vc_column width=\u00a0\u00bb1\/2&Prime; basel_color_scheme=\u00a0\u00bblight\u00a0\u00bb css=\u00a0\u00bb.vc_custom_1498136162873{padding-top: 50px !important;padding-right: 50px !important;padding-bottom: 50px !important;padding-left: 50px !important;background-color: #4c4c4c !important;}\u00a0\u00bb][vc_column_text]<\/p>\n<h2>Fugers Food Group BV<\/h2>\n<p>Fugers Food Group (FFG) a \u00e9t\u00e9 fond\u00e9 en mai 2011. Depuis ce jour, le personnel disponible, depuis la direction jusqu&rsquo;au collaborateur de production, s\u2019applique tous les jours \u00e0 faire fonctionner l&rsquo;organisation sans soucis. Nous recherchons continuellement \u00e0 optimiser et am\u00e9liorer nos processus et services, et, en concertation avec nos clients, nos produits sont de mieux en mieux d\u00e9velopp\u00e9es et de plus en plus raffin\u00e9es.[\/vc_column_text][vc_video link=\u00a0\u00bbhttps:\/\/vimeo.com\/354203155\/6504dc94c9&Prime;][\/vc_column][\/vc_row][vc_row full_width=\u00a0\u00bbstretch_row_content_no_spaces\u00a0\u00bb equal_height=\u00a0\u00bbyes\u00a0\u00bb][vc_column width=\u00a0\u00bb1\/2&Prime; css=\u00a0\u00bb.vc_custom_1499955760236{padding-top: 50px !important;padding-right: 50px !important;padding-bottom: 50px !important;padding-left: 50px !important;background-color: #ebebeb !important;}\u00a0\u00bb][vc_column_text]<\/p>\n<h2>Entreprise en pleine croissance<\/h2>\n<p>Fugers Food Group est devenu une entreprise qui livre une grande partie des N\u00e9erlandais et pas moins de 60 % du march\u00e9 allemand de la vente au d\u00e9tail. Et en raison de l\u2019arriv\u00e9e de clients d\u2019autres pays europ\u00e9ens, la fin de cette croissance n\u2019est pas encore en vue.[\/vc_column_text][\/vc_column][vc_column width=\u00a0\u00bb1\/2&Prime; css=\u00a0\u00bb.vc_custom_1522833203150{padding-top: 100px !important;padding-right: 50px !important;padding-bottom: 100px !important;padding-left: 50px !important;background-image: url(http:\/\/www.fugersfoodgroup.com\/wp-content\/uploads\/2017\/06\/fugers-food-group-retail-baguette-salami.jpg?id=734) !important;background-position: center !important;background-repeat: no-repeat !important;background-size: cover !important;}\u00a0\u00bb offset=\u00a0\u00bbvc_hidden-xs\u00a0\u00bb][\/vc_column][\/vc_row][vc_row full_width=\u00a0\u00bbstretch_row_content_no_spaces\u00a0\u00bb equal_height=\u00a0\u00bbyes\u00a0\u00bb][vc_column width=\u00a0\u00bb1\/2&Prime; css=\u00a0\u00bb.vc_custom_1501058283578{padding-top: 100px !important;padding-right: 50px !important;padding-bottom: 100px !important;padding-left: 50px !important;background-image: url(http:\/\/www.fugersfoodgroup.com\/wp-content\/uploads\/2017\/06\/fugers-food-group-productie.jpg?id=764) !important;background-position: center !important;background-repeat: no-repeat !important;background-size: cover !important;}\u00a0\u00bb][\/vc_column][vc_column width=\u00a0\u00bb1\/2&Prime; basel_color_scheme=\u00a0\u00bblight\u00a0\u00bb css=\u00a0\u00bb.vc_custom_1499957035156{padding-top: 50px !important;padding-right: 50px !important;padding-bottom: 50px !important;padding-left: 50px !important;background-color: #4c4c4c !important;}\u00a0\u00bb][vc_column_text]<\/p>\n<h2>Notre \u00e9quipe<\/h2>\n<p>Nous travaillons avec une \u00e9quipe enthousiaste et motiv\u00e9e de leur propre peuple, qui est compl\u00e9t\u00e9e par un groupe flexible de travailleurs de production \u00e0 temps partiel. Ainsi, nous pouvons facilement et rapidement donner suite aux petites et plus grandes commandes. Tous nos employ\u00e9s sont professionnels et exp\u00e9riment\u00e9s, et jour apr\u00e8s jour, nous garantissons la qualit\u00e9 que nous livrons.[\/vc_column_text][\/vc_column][\/vc_row]<\/p>\n<\/section>","protected":false},"excerpt":{"rendered":"<p>[vc_row full_width=\u00a0\u00bbstretch_row_content_no_spaces\u00a0\u00bb equal_height=\u00a0\u00bbyes\u00a0\u00bb content_placement=\u00a0\u00bbmiddle\u00a0\u00bb][vc_column width=\u00a0\u00bb1\/2&Prime; css=\u00a0\u00bb.vc_custom_1570454304548{padding-top: 100px !important;padding-right: 50px !important;padding-bottom: 100px !important;padding-left: 50px !important;background-image: url(http:\/\/www.fugersfoodgroup.com\/wp-content\/uploads\/2019\/09\/fugers-food-group-vestiging.jpg?id=2017) !important;background-position: center !important;background-repeat: no-repeat !important;background-size:<\/p>\n","protected":false},"author":1,"featured_media":0,"parent":0,"menu_order":0,"comment_status":"closed","ping_status":"closed","template":"","meta":{"footnotes":""},"class_list":["post-259","page","type-page","status-publish","hentry"],"yoast_head":"<!-- This site is optimized with the Yoast SEO plugin v27.4 - https:\/\/yoast.com\/product\/yoast-seo-wordpress\/ -->\n<title>Qui sommes-nous - Fugers Food Group BV<\/title>\n<meta name=\"robots\" content=\"index, follow, max-snippet:-1, max-image-preview:large, max-video-preview:-1\" \/>\n<link rel=\"canonical\" href=\"https:\/\/www.fugersfoodgroup.com\/fr\/qui-sommes-nous\/\" \/>\n<meta property=\"og:locale\" content=\"fr_FR\" \/>\n<meta property=\"og:type\" content=\"article\" \/>\n<meta property=\"og:title\" content=\"Qui sommes-nous - Fugers Food Group BV\" \/>\n<meta property=\"og:description\" content=\"[vc_row full_width=\u00a0\u00bbstretch_row_content_no_spaces\u00a0\u00bb equal_height=\u00a0\u00bbyes\u00a0\u00bb content_placement=\u00a0\u00bbmiddle\u00a0\u00bb][vc_column width=\u00a0\u00bb1\/2&Prime; css=\u00a0\u00bb.vc_custom_1570454304548{padding-top: 100px !important;padding-right: 50px !important;padding-bottom: 100px !important;padding-left: 50px !important;background-image: url(http:\/\/www.fugersfoodgroup.com\/wp-content\/uploads\/2019\/09\/fugers-food-group-vestiging.jpg?id=2017) !important;background-position: center !important;background-repeat: no-repeat !important;background-size:\" \/>\n<meta property=\"og:url\" content=\"https:\/\/www.fugersfoodgroup.com\/fr\/qui-sommes-nous\/\" \/>\n<meta property=\"og:site_name\" content=\"Fugers Food Group BV\" \/>\n<meta property=\"article:modified_time\" content=\"2024-04-09T09:42:20+00:00\" \/>\n<meta name=\"twitter:card\" content=\"summary_large_image\" \/>\n<meta name=\"twitter:label1\" content=\"Dur\u00e9e de lecture estim\u00e9e\" \/>\n\t<meta name=\"twitter:data1\" content=\"2 minutes\" \/>\n<script type=\"application\/ld+json\" class=\"yoast-schema-graph\">{\"@context\":\"https:\\\/\\\/schema.org\",\"@graph\":[{\"@type\":\"WebPage\",\"@id\":\"https:\\\/\\\/www.fugersfoodgroup.com\\\/fr\\\/qui-sommes-nous\\\/\",\"url\":\"https:\\\/\\\/www.fugersfoodgroup.com\\\/fr\\\/qui-sommes-nous\\\/\",\"name\":\"Qui sommes-nous - Fugers Food Group BV\",\"isPartOf\":{\"@id\":\"https:\\\/\\\/www.fugersfoodgroup.com\\\/#website\"},\"datePublished\":\"2017-07-14T11:51:46+00:00\",\"dateModified\":\"2024-04-09T09:42:20+00:00\",\"breadcrumb\":{\"@id\":\"https:\\\/\\\/www.fugersfoodgroup.com\\\/fr\\\/qui-sommes-nous\\\/#breadcrumb\"},\"inLanguage\":\"fr-FR\",\"potentialAction\":[{\"@type\":\"ReadAction\",\"target\":[\"https:\\\/\\\/www.fugersfoodgroup.com\\\/fr\\\/qui-sommes-nous\\\/\"]}]},{\"@type\":\"BreadcrumbList\",\"@id\":\"https:\\\/\\\/www.fugersfoodgroup.com\\\/fr\\\/qui-sommes-nous\\\/#breadcrumb\",\"itemListElement\":[{\"@type\":\"ListItem\",\"position\":1,\"name\":\"Home\",\"item\":\"https:\\\/\\\/www.fugersfoodgroup.com\\\/fr\\\/\"},{\"@type\":\"ListItem\",\"position\":2,\"name\":\"Qui sommes-nous\"}]},{\"@type\":\"WebSite\",\"@id\":\"https:\\\/\\\/www.fugersfoodgroup.com\\\/#website\",\"url\":\"https:\\\/\\\/www.fugersfoodgroup.com\\\/\",\"name\":\"Fugers Food Group BV\",\"description\":\"Trading &amp; processing\",\"publisher\":{\"@id\":\"https:\\\/\\\/www.fugersfoodgroup.com\\\/#organization\"},\"potentialAction\":[{\"@type\":\"SearchAction\",\"target\":{\"@type\":\"EntryPoint\",\"urlTemplate\":\"https:\\\/\\\/www.fugersfoodgroup.com\\\/?s={search_term_string}\"},\"query-input\":{\"@type\":\"PropertyValueSpecification\",\"valueRequired\":true,\"valueName\":\"search_term_string\"}}],\"inLanguage\":\"fr-FR\"},{\"@type\":\"Organization\",\"@id\":\"https:\\\/\\\/www.fugersfoodgroup.com\\\/#organization\",\"name\":\"Fugers Food Group BV\",\"url\":\"https:\\\/\\\/www.fugersfoodgroup.com\\\/\",\"logo\":{\"@type\":\"ImageObject\",\"inLanguage\":\"fr-FR\",\"@id\":\"https:\\\/\\\/www.fugersfoodgroup.com\\\/#\\\/schema\\\/logo\\\/image\\\/\",\"url\":\"https:\\\/\\\/www.fugersfoodgroup.com\\\/wp-content\\\/uploads\\\/2017\\\/06\\\/fugers-food-group-logo.png\",\"contentUrl\":\"https:\\\/\\\/www.fugersfoodgroup.com\\\/wp-content\\\/uploads\\\/2017\\\/06\\\/fugers-food-group-logo.png\",\"width\":143,\"height\":56,\"caption\":\"Fugers Food Group BV\"},\"image\":{\"@id\":\"https:\\\/\\\/www.fugersfoodgroup.com\\\/#\\\/schema\\\/logo\\\/image\\\/\"}}]}<\/script>\n<!-- \/ Yoast SEO plugin. -->","yoast_head_json":{"title":"Qui sommes-nous - Fugers Food Group BV","robots":{"index":"index","follow":"follow","max-snippet":"max-snippet:-1","max-image-preview":"max-image-preview:large","max-video-preview":"max-video-preview:-1"},"canonical":"https:\/\/www.fugersfoodgroup.com\/fr\/qui-sommes-nous\/","og_locale":"fr_FR","og_type":"article","og_title":"Qui sommes-nous - Fugers Food Group BV","og_description":"[vc_row full_width=\u00a0\u00bbstretch_row_content_no_spaces\u00a0\u00bb equal_height=\u00a0\u00bbyes\u00a0\u00bb content_placement=\u00a0\u00bbmiddle\u00a0\u00bb][vc_column width=\u00a0\u00bb1\/2&Prime; css=\u00a0\u00bb.vc_custom_1570454304548{padding-top: 100px !important;padding-right: 50px !important;padding-bottom: 100px !important;padding-left: 50px !important;background-image: url(http:\/\/www.fugersfoodgroup.com\/wp-content\/uploads\/2019\/09\/fugers-food-group-vestiging.jpg?id=2017) !important;background-position: center !important;background-repeat: no-repeat !important;background-size:","og_url":"https:\/\/www.fugersfoodgroup.com\/fr\/qui-sommes-nous\/","og_site_name":"Fugers Food Group BV","article_modified_time":"2024-04-09T09:42:20+00:00","twitter_card":"summary_large_image","twitter_misc":{"Dur\u00e9e de lecture estim\u00e9e":"2 minutes"},"schema":{"@context":"https:\/\/schema.org","@graph":[{"@type":"WebPage","@id":"https:\/\/www.fugersfoodgroup.com\/fr\/qui-sommes-nous\/","url":"https:\/\/www.fugersfoodgroup.com\/fr\/qui-sommes-nous\/","name":"Qui sommes-nous - Fugers Food Group BV","isPartOf":{"@id":"https:\/\/www.fugersfoodgroup.com\/#website"},"datePublished":"2017-07-14T11:51:46+00:00","dateModified":"2024-04-09T09:42:20+00:00","breadcrumb":{"@id":"https:\/\/www.fugersfoodgroup.com\/fr\/qui-sommes-nous\/#breadcrumb"},"inLanguage":"fr-FR","potentialAction":[{"@type":"ReadAction","target":["https:\/\/www.fugersfoodgroup.com\/fr\/qui-sommes-nous\/"]}]},{"@type":"BreadcrumbList","@id":"https:\/\/www.fugersfoodgroup.com\/fr\/qui-sommes-nous\/#breadcrumb","itemListElement":[{"@type":"ListItem","position":1,"name":"Home","item":"https:\/\/www.fugersfoodgroup.com\/fr\/"},{"@type":"ListItem","position":2,"name":"Qui sommes-nous"}]},{"@type":"WebSite","@id":"https:\/\/www.fugersfoodgroup.com\/#website","url":"https:\/\/www.fugersfoodgroup.com\/","name":"Fugers Food Group BV","description":"Trading &amp; processing","publisher":{"@id":"https:\/\/www.fugersfoodgroup.com\/#organization"},"potentialAction":[{"@type":"SearchAction","target":{"@type":"EntryPoint","urlTemplate":"https:\/\/www.fugersfoodgroup.com\/?s={search_term_string}"},"query-input":{"@type":"PropertyValueSpecification","valueRequired":true,"valueName":"search_term_string"}}],"inLanguage":"fr-FR"},{"@type":"Organization","@id":"https:\/\/www.fugersfoodgroup.com\/#organization","name":"Fugers Food Group BV","url":"https:\/\/www.fugersfoodgroup.com\/","logo":{"@type":"ImageObject","inLanguage":"fr-FR","@id":"https:\/\/www.fugersfoodgroup.com\/#\/schema\/logo\/image\/","url":"https:\/\/www.fugersfoodgroup.com\/wp-content\/uploads\/2017\/06\/fugers-food-group-logo.png","contentUrl":"https:\/\/www.fugersfoodgroup.com\/wp-content\/uploads\/2017\/06\/fugers-food-group-logo.png","width":143,"height":56,"caption":"Fugers Food Group BV"},"image":{"@id":"https:\/\/www.fugersfoodgroup.com\/#\/schema\/logo\/image\/"}}]}},"_links":{"self":[{"href":"https:\/\/www.fugersfoodgroup.com\/fr\/wp-json\/wp\/v2\/pages\/259\/"}],"collection":[{"href":"https:\/\/www.fugersfoodgroup.com\/fr\/wp-json\/wp\/v2\/pages\/"}],"about":[{"href":"https:\/\/www.fugersfoodgroup.com\/fr\/wp-json\/wp\/v2\/types\/page\/"}],"author":[{"embeddable":true,"href":"https:\/\/www.fugersfoodgroup.com\/fr\/wp-json\/wp\/v2\/users\/1\/"}],"replies":[{"embeddable":true,"href":"https:\/\/www.fugersfoodgroup.com\/fr\/wp-json\/wp\/v2\/comments\/?post=259"}],"version-history":[{"count":13,"href":"https:\/\/www.fugersfoodgroup.com\/fr\/wp-json\/wp\/v2\/pages\/259\/revisions\/"}],"predecessor-version":[{"id":2581,"href":"https:\/\/www.fugersfoodgroup.com\/fr\/wp-json\/wp\/v2\/pages\/259\/revisions\/2581\/"}],"wp:attachment":[{"href":"https:\/\/www.fugersfoodgroup.com\/fr\/wp-json\/wp\/v2\/media\/?parent=259"}],"curies":[{"name":"wp","href":"https:\/\/api.w.org\/{rel}","templated":true}]}}