{"id":285,"date":"2017-07-14T14:10:51","date_gmt":"2017-07-14T12:10:51","guid":{"rendered":"http:\/\/www.fugersfoodgroup.com\/grande-consommation\/"},"modified":"2017-08-03T15:34:20","modified_gmt":"2017-08-03T13:34:20","slug":"grande-consommation","status":"publish","type":"page","link":"https:\/\/www.fugersfoodgroup.com\/fr\/grande-consommation\/","title":{"rendered":"Grande consommation"},"content":{"rendered":"<section class=\"wpb-content-wrapper\"><p>[vc_row full_width=\u00a0\u00bbstretch_row_content_no_spaces\u00a0\u00bb equal_height=\u00a0\u00bbyes\u00a0\u00bb content_placement=\u00a0\u00bbmiddle\u00a0\u00bb][vc_column width=\u00a0\u00bb1\/2&Prime; css=\u00a0\u00bb.vc_custom_1501057403491{padding-top: 100px !important;padding-right: 50px !important;padding-bottom: 100px !important;padding-left: 50px !important;background-image: url(http:\/\/www.fugersfoodgroup.com\/wp-content\/uploads\/2017\/06\/fugers-food-group-grootverbruik-baguette-ham.jpg?id=743) !important;background-position: center !important;background-repeat: no-repeat !important;background-size: cover !important;}\u00a0\u00bb][\/vc_column][vc_column width=\u00a0\u00bb1\/2&Prime; basel_color_scheme=\u00a0\u00bblight\u00a0\u00bb css=\u00a0\u00bb.vc_custom_1498136162873{padding-top: 50px !important;padding-right: 50px !important;padding-bottom: 50px !important;padding-left: 50px !important;background-color: #4c4c4c !important;}\u00a0\u00bb][vc_column_text]<span class=\"intro-heading\">Grande consommation:<\/span><br \/>\nNos pizzas-baguettes bien garnies conviennent parfaitement \u00e0 la grande consommation. Il suffit de penser \u00e0 des organisations \u00e0 grande \u00e9chelle, telles que des compagnies a\u00e9riennes (air catering), des centres de soins et des organismes publics, comme la d\u00e9fense (l&rsquo;arm\u00e9e). Curieux de conna\u00eetre nos tarifs et possibilit\u00e9s ? Prenez alors un rendez-vous pour une discussion sans engagement, ou <strong><a href=\"http:\/\/www.fugersfoodgroup.com\/fr\/contact\/\">contactez-nous<\/a><\/strong> pour obtenir plus d&rsquo;informations. Nous r\u00e9pondons volontiers \u00e0 vos questions.[\/vc_column_text][\/vc_column][\/vc_row]<\/p>\n<\/section>","protected":false},"excerpt":{"rendered":"<p>[vc_row full_width=\u00a0\u00bbstretch_row_content_no_spaces\u00a0\u00bb equal_height=\u00a0\u00bbyes\u00a0\u00bb content_placement=\u00a0\u00bbmiddle\u00a0\u00bb][vc_column width=\u00a0\u00bb1\/2&Prime; css=\u00a0\u00bb.vc_custom_1501057403491{padding-top: 100px !important;padding-right: 50px !important;padding-bottom: 100px !important;padding-left: 50px !important;background-image: url(http:\/\/www.fugersfoodgroup.com\/wp-content\/uploads\/2017\/06\/fugers-food-group-grootverbruik-baguette-ham.jpg?id=743) !important;background-position: center !important;background-repeat: no-repeat !important;background-size:<\/p>\n","protected":false},"author":1,"featured_media":0,"parent":0,"menu_order":0,"comment_status":"closed","ping_status":"closed","template":"","meta":{"footnotes":""},"class_list":["post-285","page","type-page","status-publish","hentry"],"yoast_head":"<!-- This site is optimized with the Yoast SEO plugin v26.1.1 - https:\/\/yoast.com\/wordpress\/plugins\/seo\/ -->\n<title>Grande consommation - Fugers Food Group BV<\/title>\n<meta name=\"robots\" content=\"index, follow, max-snippet:-1, max-image-preview:large, max-video-preview:-1\" \/>\n<link rel=\"canonical\" href=\"https:\/\/www.fugersfoodgroup.com\/fr\/grande-consommation\/\" \/>\n<meta property=\"og:locale\" content=\"fr_FR\" \/>\n<meta property=\"og:type\" content=\"article\" \/>\n<meta property=\"og:title\" content=\"Grande consommation - Fugers Food Group BV\" \/>\n<meta property=\"og:description\" content=\"[vc_row full_width=\u00a0\u00bbstretch_row_content_no_spaces\u00a0\u00bb equal_height=\u00a0\u00bbyes\u00a0\u00bb content_placement=\u00a0\u00bbmiddle\u00a0\u00bb][vc_column width=\u00a0\u00bb1\/2&Prime; css=\u00a0\u00bb.vc_custom_1501057403491{padding-top: 100px !important;padding-right: 50px !important;padding-bottom: 100px !important;padding-left: 50px !important;background-image: url(http:\/\/www.fugersfoodgroup.com\/wp-content\/uploads\/2017\/06\/fugers-food-group-grootverbruik-baguette-ham.jpg?id=743) !important;background-position: center !important;background-repeat: no-repeat !important;background-size:\" \/>\n<meta property=\"og:url\" content=\"https:\/\/www.fugersfoodgroup.com\/fr\/grande-consommation\/\" \/>\n<meta property=\"og:site_name\" content=\"Fugers Food Group BV\" \/>\n<meta property=\"article:modified_time\" content=\"2017-08-03T13:34:20+00:00\" \/>\n<meta name=\"twitter:card\" content=\"summary_large_image\" \/>\n<meta name=\"twitter:label1\" content=\"Dur\u00e9e de lecture estim\u00e9e\" \/>\n\t<meta name=\"twitter:data1\" content=\"1 minute\" \/>\n<script type=\"application\/ld+json\" class=\"yoast-schema-graph\">{\"@context\":\"https:\/\/schema.org\",\"@graph\":[{\"@type\":\"WebPage\",\"@id\":\"https:\/\/www.fugersfoodgroup.com\/fr\/grande-consommation\/\",\"url\":\"https:\/\/www.fugersfoodgroup.com\/fr\/grande-consommation\/\",\"name\":\"Grande consommation - Fugers Food Group BV\",\"isPartOf\":{\"@id\":\"https:\/\/www.fugersfoodgroup.com\/#website\"},\"datePublished\":\"2017-07-14T12:10:51+00:00\",\"dateModified\":\"2017-08-03T13:34:20+00:00\",\"breadcrumb\":{\"@id\":\"https:\/\/www.fugersfoodgroup.com\/fr\/grande-consommation\/#breadcrumb\"},\"inLanguage\":\"fr-FR\",\"potentialAction\":[{\"@type\":\"ReadAction\",\"target\":[\"https:\/\/www.fugersfoodgroup.com\/fr\/grande-consommation\/\"]}]},{\"@type\":\"BreadcrumbList\",\"@id\":\"https:\/\/www.fugersfoodgroup.com\/fr\/grande-consommation\/#breadcrumb\",\"itemListElement\":[{\"@type\":\"ListItem\",\"position\":1,\"name\":\"Home\",\"item\":\"https:\/\/www.fugersfoodgroup.com\/fr\/\"},{\"@type\":\"ListItem\",\"position\":2,\"name\":\"Grande consommation\"}]},{\"@type\":\"WebSite\",\"@id\":\"https:\/\/www.fugersfoodgroup.com\/#website\",\"url\":\"https:\/\/www.fugersfoodgroup.com\/\",\"name\":\"Fugers Food Group BV\",\"description\":\"Trading &amp; processing\",\"publisher\":{\"@id\":\"https:\/\/www.fugersfoodgroup.com\/#organization\"},\"potentialAction\":[{\"@type\":\"SearchAction\",\"target\":{\"@type\":\"EntryPoint\",\"urlTemplate\":\"https:\/\/www.fugersfoodgroup.com\/?s={search_term_string}\"},\"query-input\":{\"@type\":\"PropertyValueSpecification\",\"valueRequired\":true,\"valueName\":\"search_term_string\"}}],\"inLanguage\":\"fr-FR\"},{\"@type\":\"Organization\",\"@id\":\"https:\/\/www.fugersfoodgroup.com\/#organization\",\"name\":\"Fugers Food Group BV\",\"url\":\"https:\/\/www.fugersfoodgroup.com\/\",\"logo\":{\"@type\":\"ImageObject\",\"inLanguage\":\"fr-FR\",\"@id\":\"https:\/\/www.fugersfoodgroup.com\/#\/schema\/logo\/image\/\",\"url\":\"https:\/\/www.fugersfoodgroup.com\/wp-content\/uploads\/2017\/06\/fugers-food-group-logo.png\",\"contentUrl\":\"https:\/\/www.fugersfoodgroup.com\/wp-content\/uploads\/2017\/06\/fugers-food-group-logo.png\",\"width\":143,\"height\":56,\"caption\":\"Fugers Food Group BV\"},\"image\":{\"@id\":\"https:\/\/www.fugersfoodgroup.com\/#\/schema\/logo\/image\/\"}}]}<\/script>\n<!-- \/ Yoast SEO plugin. -->","yoast_head_json":{"title":"Grande consommation - Fugers Food Group BV","robots":{"index":"index","follow":"follow","max-snippet":"max-snippet:-1","max-image-preview":"max-image-preview:large","max-video-preview":"max-video-preview:-1"},"canonical":"https:\/\/www.fugersfoodgroup.com\/fr\/grande-consommation\/","og_locale":"fr_FR","og_type":"article","og_title":"Grande consommation - Fugers Food Group BV","og_description":"[vc_row full_width=\u00a0\u00bbstretch_row_content_no_spaces\u00a0\u00bb equal_height=\u00a0\u00bbyes\u00a0\u00bb content_placement=\u00a0\u00bbmiddle\u00a0\u00bb][vc_column width=\u00a0\u00bb1\/2&Prime; css=\u00a0\u00bb.vc_custom_1501057403491{padding-top: 100px !important;padding-right: 50px !important;padding-bottom: 100px !important;padding-left: 50px !important;background-image: url(http:\/\/www.fugersfoodgroup.com\/wp-content\/uploads\/2017\/06\/fugers-food-group-grootverbruik-baguette-ham.jpg?id=743) !important;background-position: center !important;background-repeat: no-repeat !important;background-size:","og_url":"https:\/\/www.fugersfoodgroup.com\/fr\/grande-consommation\/","og_site_name":"Fugers Food Group BV","article_modified_time":"2017-08-03T13:34:20+00:00","twitter_card":"summary_large_image","twitter_misc":{"Dur\u00e9e de lecture estim\u00e9e":"1 minute"},"schema":{"@context":"https:\/\/schema.org","@graph":[{"@type":"WebPage","@id":"https:\/\/www.fugersfoodgroup.com\/fr\/grande-consommation\/","url":"https:\/\/www.fugersfoodgroup.com\/fr\/grande-consommation\/","name":"Grande consommation - Fugers Food Group BV","isPartOf":{"@id":"https:\/\/www.fugersfoodgroup.com\/#website"},"datePublished":"2017-07-14T12:10:51+00:00","dateModified":"2017-08-03T13:34:20+00:00","breadcrumb":{"@id":"https:\/\/www.fugersfoodgroup.com\/fr\/grande-consommation\/#breadcrumb"},"inLanguage":"fr-FR","potentialAction":[{"@type":"ReadAction","target":["https:\/\/www.fugersfoodgroup.com\/fr\/grande-consommation\/"]}]},{"@type":"BreadcrumbList","@id":"https:\/\/www.fugersfoodgroup.com\/fr\/grande-consommation\/#breadcrumb","itemListElement":[{"@type":"ListItem","position":1,"name":"Home","item":"https:\/\/www.fugersfoodgroup.com\/fr\/"},{"@type":"ListItem","position":2,"name":"Grande consommation"}]},{"@type":"WebSite","@id":"https:\/\/www.fugersfoodgroup.com\/#website","url":"https:\/\/www.fugersfoodgroup.com\/","name":"Fugers Food Group BV","description":"Trading &amp; processing","publisher":{"@id":"https:\/\/www.fugersfoodgroup.com\/#organization"},"potentialAction":[{"@type":"SearchAction","target":{"@type":"EntryPoint","urlTemplate":"https:\/\/www.fugersfoodgroup.com\/?s={search_term_string}"},"query-input":{"@type":"PropertyValueSpecification","valueRequired":true,"valueName":"search_term_string"}}],"inLanguage":"fr-FR"},{"@type":"Organization","@id":"https:\/\/www.fugersfoodgroup.com\/#organization","name":"Fugers Food Group BV","url":"https:\/\/www.fugersfoodgroup.com\/","logo":{"@type":"ImageObject","inLanguage":"fr-FR","@id":"https:\/\/www.fugersfoodgroup.com\/#\/schema\/logo\/image\/","url":"https:\/\/www.fugersfoodgroup.com\/wp-content\/uploads\/2017\/06\/fugers-food-group-logo.png","contentUrl":"https:\/\/www.fugersfoodgroup.com\/wp-content\/uploads\/2017\/06\/fugers-food-group-logo.png","width":143,"height":56,"caption":"Fugers Food Group BV"},"image":{"@id":"https:\/\/www.fugersfoodgroup.com\/#\/schema\/logo\/image\/"}}]}},"_links":{"self":[{"href":"https:\/\/www.fugersfoodgroup.com\/fr\/wp-json\/wp\/v2\/pages\/285\/"}],"collection":[{"href":"https:\/\/www.fugersfoodgroup.com\/fr\/wp-json\/wp\/v2\/pages\/"}],"about":[{"href":"https:\/\/www.fugersfoodgroup.com\/fr\/wp-json\/wp\/v2\/types\/page\/"}],"author":[{"embeddable":true,"href":"https:\/\/www.fugersfoodgroup.com\/fr\/wp-json\/wp\/v2\/users\/1\/"}],"replies":[{"embeddable":true,"href":"https:\/\/www.fugersfoodgroup.com\/fr\/wp-json\/wp\/v2\/comments\/?post=285"}],"version-history":[{"count":9,"href":"https:\/\/www.fugersfoodgroup.com\/fr\/wp-json\/wp\/v2\/pages\/285\/revisions\/"}],"predecessor-version":[{"id":1246,"href":"https:\/\/www.fugersfoodgroup.com\/fr\/wp-json\/wp\/v2\/pages\/285\/revisions\/1246\/"}],"wp:attachment":[{"href":"https:\/\/www.fugersfoodgroup.com\/fr\/wp-json\/wp\/v2\/media\/?parent=285"}],"curies":[{"name":"wp","href":"https:\/\/api.w.org\/{rel}","templated":true}]}}