{"id":308,"date":"2017-07-14T14:24:45","date_gmt":"2017-07-14T12:24:45","guid":{"rendered":"http:\/\/www.fugersfoodgroup.com\/vente-au-detail\/"},"modified":"2023-05-02T11:12:44","modified_gmt":"2023-05-02T09:12:44","slug":"vente-au-detail","status":"publish","type":"page","link":"https:\/\/www.fugersfoodgroup.com\/fr\/vente-au-detail\/","title":{"rendered":"Vente au d\u00e9tail"},"content":{"rendered":"<section class=\"wpb-content-wrapper\"><p>[vc_row full_width=\u00a0\u00bbstretch_row_content_no_spaces\u00a0\u00bb equal_height=\u00a0\u00bbyes\u00a0\u00bb content_placement=\u00a0\u00bbmiddle\u00a0\u00bb][vc_column width=\u00a0\u00bb1\/2&Prime; css=\u00a0\u00bb.vc_custom_1501057184420{padding-top: 100px !important;padding-right: 50px !important;padding-bottom: 100px !important;padding-left: 50px !important;background-image: url(http:\/\/www.fugersfoodgroup.com\/wp-content\/uploads\/2017\/06\/fugers-food-group-retail-baguette-salami.jpg?id=734) !important;background-position: center !important;background-repeat: no-repeat !important;background-size: cover !important;}\u00a0\u00bb][\/vc_column][vc_column width=\u00a0\u00bb1\/2&Prime; basel_color_scheme=\u00a0\u00bblight\u00a0\u00bb css=\u00a0\u00bb.vc_custom_1498136162873{padding-top: 50px !important;padding-right: 50px !important;padding-bottom: 50px !important;padding-left: 50px !important;background-color: #4c4c4c !important;}\u00a0\u00bb][vc_column_text]<span class=\"intro-heading\">Vente au d\u00e9tail:<\/span><\/p>\n<h2>Fait sur mesure<\/h2>\n<p>Nous livrons nos produits \u00e0 plus de 60% des principaux acteurs sur le march\u00e9 du d\u00e9tail. Pour ce groupe-cible, FFG produit tout sur mesure. Nous faisons cela car pour nous il est important que vous obteniez pr\u00e9cis\u00e9ment la pizza-baguette qu&rsquo;il vous faut.<\/p>\n<p>Avant de prendre votre baguette de marque de distributeur en production, nous en discutons pendant longtemps ensemble. C&rsquo;est ainsi que nous aboutissons \u00e0 la meilleure combinaison d&rsquo;ingr\u00e9dients. Et, nous concevons et imprimons pour vous un emballage qui convient au produit. En savoir plus ? Appelez-nous au num\u00e9ro de t\u00e9l\u00e9phone +31 (0)85-273 75 30 ou envoyez-nous un <strong><a href=\"mailto:info@fugersfoodgroup.com\">e-mail<\/a><\/strong>.[\/vc_column_text][\/vc_column][\/vc_row]<\/p>\n<\/section>","protected":false},"excerpt":{"rendered":"<p>[vc_row full_width=\u00a0\u00bbstretch_row_content_no_spaces\u00a0\u00bb equal_height=\u00a0\u00bbyes\u00a0\u00bb content_placement=\u00a0\u00bbmiddle\u00a0\u00bb][vc_column width=\u00a0\u00bb1\/2&Prime; css=\u00a0\u00bb.vc_custom_1501057184420{padding-top: 100px !important;padding-right: 50px !important;padding-bottom: 100px !important;padding-left: 50px !important;background-image: url(http:\/\/www.fugersfoodgroup.com\/wp-content\/uploads\/2017\/06\/fugers-food-group-retail-baguette-salami.jpg?id=734) !important;background-position: center !important;background-repeat: no-repeat !important;background-size:<\/p>\n","protected":false},"author":1,"featured_media":0,"parent":0,"menu_order":0,"comment_status":"closed","ping_status":"closed","template":"","meta":{"footnotes":""},"class_list":["post-308","page","type-page","status-publish","hentry"],"yoast_head":"<!-- This site is optimized with the Yoast SEO plugin v26.1.1 - https:\/\/yoast.com\/wordpress\/plugins\/seo\/ -->\n<title>Vente au d\u00e9tail - Fugers Food Group BV<\/title>\n<meta name=\"robots\" content=\"index, follow, max-snippet:-1, max-image-preview:large, max-video-preview:-1\" \/>\n<link rel=\"canonical\" href=\"https:\/\/www.fugersfoodgroup.com\/fr\/retail\/\" \/>\n<meta property=\"og:locale\" content=\"fr_FR\" \/>\n<meta property=\"og:type\" content=\"article\" \/>\n<meta property=\"og:title\" content=\"Vente au d\u00e9tail - Fugers Food Group BV\" \/>\n<meta property=\"og:description\" content=\"[vc_row full_width=\u00a0\u00bbstretch_row_content_no_spaces\u00a0\u00bb equal_height=\u00a0\u00bbyes\u00a0\u00bb content_placement=\u00a0\u00bbmiddle\u00a0\u00bb][vc_column width=\u00a0\u00bb1\/2&Prime; css=\u00a0\u00bb.vc_custom_1501057184420{padding-top: 100px !important;padding-right: 50px !important;padding-bottom: 100px !important;padding-left: 50px !important;background-image: url(http:\/\/www.fugersfoodgroup.com\/wp-content\/uploads\/2017\/06\/fugers-food-group-retail-baguette-salami.jpg?id=734) !important;background-position: center !important;background-repeat: no-repeat !important;background-size:\" \/>\n<meta property=\"og:url\" content=\"https:\/\/www.fugersfoodgroup.com\/retail\/\" \/>\n<meta property=\"og:site_name\" content=\"Fugers Food Group BV\" \/>\n<meta property=\"article:modified_time\" content=\"2023-05-02T09:12:44+00:00\" \/>\n<meta name=\"twitter:card\" content=\"summary_large_image\" \/>\n<meta name=\"twitter:label1\" content=\"Dur\u00e9e de lecture estim\u00e9e\" \/>\n\t<meta name=\"twitter:data1\" content=\"1 minute\" \/>\n<script type=\"application\/ld+json\" class=\"yoast-schema-graph\">{\"@context\":\"https:\/\/schema.org\",\"@graph\":[{\"@type\":\"WebPage\",\"@id\":\"https:\/\/www.fugersfoodgroup.com\/retail\/\",\"url\":\"https:\/\/www.fugersfoodgroup.com\/retail\/\",\"name\":\"Vente au d\u00e9tail - Fugers Food Group BV\",\"isPartOf\":{\"@id\":\"https:\/\/www.fugersfoodgroup.com\/#website\"},\"datePublished\":\"2017-07-14T12:24:45+00:00\",\"dateModified\":\"2023-05-02T09:12:44+00:00\",\"breadcrumb\":{\"@id\":\"https:\/\/www.fugersfoodgroup.com\/retail\/#breadcrumb\"},\"inLanguage\":\"fr-FR\",\"potentialAction\":[{\"@type\":\"ReadAction\",\"target\":[\"https:\/\/www.fugersfoodgroup.com\/retail\/\"]}]},{\"@type\":\"BreadcrumbList\",\"@id\":\"https:\/\/www.fugersfoodgroup.com\/retail\/#breadcrumb\",\"itemListElement\":[{\"@type\":\"ListItem\",\"position\":1,\"name\":\"Home\",\"item\":\"https:\/\/www.fugersfoodgroup.com\/fr\/\"},{\"@type\":\"ListItem\",\"position\":2,\"name\":\"Vente au d\u00e9tail\"}]},{\"@type\":\"WebSite\",\"@id\":\"https:\/\/www.fugersfoodgroup.com\/#website\",\"url\":\"https:\/\/www.fugersfoodgroup.com\/\",\"name\":\"Fugers Food Group BV\",\"description\":\"Trading &amp; processing\",\"publisher\":{\"@id\":\"https:\/\/www.fugersfoodgroup.com\/#organization\"},\"potentialAction\":[{\"@type\":\"SearchAction\",\"target\":{\"@type\":\"EntryPoint\",\"urlTemplate\":\"https:\/\/www.fugersfoodgroup.com\/?s={search_term_string}\"},\"query-input\":{\"@type\":\"PropertyValueSpecification\",\"valueRequired\":true,\"valueName\":\"search_term_string\"}}],\"inLanguage\":\"fr-FR\"},{\"@type\":\"Organization\",\"@id\":\"https:\/\/www.fugersfoodgroup.com\/#organization\",\"name\":\"Fugers Food Group BV\",\"url\":\"https:\/\/www.fugersfoodgroup.com\/\",\"logo\":{\"@type\":\"ImageObject\",\"inLanguage\":\"fr-FR\",\"@id\":\"https:\/\/www.fugersfoodgroup.com\/#\/schema\/logo\/image\/\",\"url\":\"https:\/\/www.fugersfoodgroup.com\/wp-content\/uploads\/2017\/06\/fugers-food-group-logo.png\",\"contentUrl\":\"https:\/\/www.fugersfoodgroup.com\/wp-content\/uploads\/2017\/06\/fugers-food-group-logo.png\",\"width\":143,\"height\":56,\"caption\":\"Fugers Food Group BV\"},\"image\":{\"@id\":\"https:\/\/www.fugersfoodgroup.com\/#\/schema\/logo\/image\/\"}}]}<\/script>\n<!-- \/ Yoast SEO plugin. -->","yoast_head_json":{"title":"Vente au d\u00e9tail - Fugers Food Group BV","robots":{"index":"index","follow":"follow","max-snippet":"max-snippet:-1","max-image-preview":"max-image-preview:large","max-video-preview":"max-video-preview:-1"},"canonical":"https:\/\/www.fugersfoodgroup.com\/fr\/retail\/","og_locale":"fr_FR","og_type":"article","og_title":"Vente au d\u00e9tail - Fugers Food Group BV","og_description":"[vc_row full_width=\u00a0\u00bbstretch_row_content_no_spaces\u00a0\u00bb equal_height=\u00a0\u00bbyes\u00a0\u00bb content_placement=\u00a0\u00bbmiddle\u00a0\u00bb][vc_column width=\u00a0\u00bb1\/2&Prime; css=\u00a0\u00bb.vc_custom_1501057184420{padding-top: 100px !important;padding-right: 50px !important;padding-bottom: 100px !important;padding-left: 50px !important;background-image: url(http:\/\/www.fugersfoodgroup.com\/wp-content\/uploads\/2017\/06\/fugers-food-group-retail-baguette-salami.jpg?id=734) !important;background-position: center !important;background-repeat: no-repeat !important;background-size:","og_url":"https:\/\/www.fugersfoodgroup.com\/retail\/","og_site_name":"Fugers Food Group BV","article_modified_time":"2023-05-02T09:12:44+00:00","twitter_card":"summary_large_image","twitter_misc":{"Dur\u00e9e de lecture estim\u00e9e":"1 minute"},"schema":{"@context":"https:\/\/schema.org","@graph":[{"@type":"WebPage","@id":"https:\/\/www.fugersfoodgroup.com\/retail\/","url":"https:\/\/www.fugersfoodgroup.com\/retail\/","name":"Vente au d\u00e9tail - Fugers Food Group BV","isPartOf":{"@id":"https:\/\/www.fugersfoodgroup.com\/#website"},"datePublished":"2017-07-14T12:24:45+00:00","dateModified":"2023-05-02T09:12:44+00:00","breadcrumb":{"@id":"https:\/\/www.fugersfoodgroup.com\/retail\/#breadcrumb"},"inLanguage":"fr-FR","potentialAction":[{"@type":"ReadAction","target":["https:\/\/www.fugersfoodgroup.com\/retail\/"]}]},{"@type":"BreadcrumbList","@id":"https:\/\/www.fugersfoodgroup.com\/retail\/#breadcrumb","itemListElement":[{"@type":"ListItem","position":1,"name":"Home","item":"https:\/\/www.fugersfoodgroup.com\/fr\/"},{"@type":"ListItem","position":2,"name":"Vente au d\u00e9tail"}]},{"@type":"WebSite","@id":"https:\/\/www.fugersfoodgroup.com\/#website","url":"https:\/\/www.fugersfoodgroup.com\/","name":"Fugers Food Group BV","description":"Trading &amp; processing","publisher":{"@id":"https:\/\/www.fugersfoodgroup.com\/#organization"},"potentialAction":[{"@type":"SearchAction","target":{"@type":"EntryPoint","urlTemplate":"https:\/\/www.fugersfoodgroup.com\/?s={search_term_string}"},"query-input":{"@type":"PropertyValueSpecification","valueRequired":true,"valueName":"search_term_string"}}],"inLanguage":"fr-FR"},{"@type":"Organization","@id":"https:\/\/www.fugersfoodgroup.com\/#organization","name":"Fugers Food Group BV","url":"https:\/\/www.fugersfoodgroup.com\/","logo":{"@type":"ImageObject","inLanguage":"fr-FR","@id":"https:\/\/www.fugersfoodgroup.com\/#\/schema\/logo\/image\/","url":"https:\/\/www.fugersfoodgroup.com\/wp-content\/uploads\/2017\/06\/fugers-food-group-logo.png","contentUrl":"https:\/\/www.fugersfoodgroup.com\/wp-content\/uploads\/2017\/06\/fugers-food-group-logo.png","width":143,"height":56,"caption":"Fugers Food Group BV"},"image":{"@id":"https:\/\/www.fugersfoodgroup.com\/#\/schema\/logo\/image\/"}}]}},"_links":{"self":[{"href":"https:\/\/www.fugersfoodgroup.com\/fr\/wp-json\/wp\/v2\/pages\/308\/"}],"collection":[{"href":"https:\/\/www.fugersfoodgroup.com\/fr\/wp-json\/wp\/v2\/pages\/"}],"about":[{"href":"https:\/\/www.fugersfoodgroup.com\/fr\/wp-json\/wp\/v2\/types\/page\/"}],"author":[{"embeddable":true,"href":"https:\/\/www.fugersfoodgroup.com\/fr\/wp-json\/wp\/v2\/users\/1\/"}],"replies":[{"embeddable":true,"href":"https:\/\/www.fugersfoodgroup.com\/fr\/wp-json\/wp\/v2\/comments\/?post=308"}],"version-history":[{"count":10,"href":"https:\/\/www.fugersfoodgroup.com\/fr\/wp-json\/wp\/v2\/pages\/308\/revisions\/"}],"predecessor-version":[{"id":2439,"href":"https:\/\/www.fugersfoodgroup.com\/fr\/wp-json\/wp\/v2\/pages\/308\/revisions\/2439\/"}],"wp:attachment":[{"href":"https:\/\/www.fugersfoodgroup.com\/fr\/wp-json\/wp\/v2\/media\/?parent=308"}],"curies":[{"name":"wp","href":"https:\/\/api.w.org\/{rel}","templated":true}]}}